{"id":23618,"date":"2024-08-19T08:42:25","date_gmt":"2024-08-19T05:42:25","guid":{"rendered":"https:\/\/xenobg.com\/produkt\/aspitenrin-%d0%b0%d1%81%d0%bf%d0%b8%d1%82%d0%b5%d0%bd%d1%80%d0%b8%d0%bd\/"},"modified":"2026-01-05T23:33:44","modified_gmt":"2026-01-05T21:33:44","slug":"aspitenrin-%d0%b0%d1%81%d0%bf%d0%b8%d1%82%d0%b5%d0%bd%d1%80%d0%b8%d0%bd-26-dihydroxybenzoic-acid","status":"publish","type":"product","link":"https:\/\/xenobg.com\/ro\/produkt\/aspitenrin-%d0%b0%d1%81%d0%bf%d0%b8%d1%82%d0%b5%d0%bd%d1%80%d0%b8%d0%bd-26-dihydroxybenzoic-acid\/","title":{"rendered":"Aspitenrin"},"content":{"rendered":"<p>10 \u043f\u044a\u0442\u0438 \u043f\u043e \u0441\u0438\u043b\u043d\u0430\u0442\u0430 \u0432\u0435\u0440\u0441\u0438\u044f \u043d\u0430 \u0430\u0441\u043f\u0438\u0440\u0438\u043d , \u0437\u0430 \u043a\u043e\u044f\u0442\u043e \u0445\u0430\u0439\u0434\u0443\u0442 \u0433\u043e\u0432\u043e\u0440\u0438 \u0432 \u043f\u043e\u0441\u043b\u0435\u0434\u043d\u0438\u044f \u043f\u043e\u0434\u043a\u0430\u0441\u0442 \u043d\u0430 \u0423\u0441\u0435\u0442\u0438 \u041c\u0438\u0441\u043b\u0438 \u0414\u0435\u0439\u0441\u0442\u0432\u0430\u0439<\/p>\n<p><strong>2,6-Dihydroxybenzoic Acid<\/strong> \u0435 \u043c\u043e\u0449\u0435\u043d \u0430\u043d\u0430\u043b\u043e\u0433 \u043d\u0430 \u0430\u0441\u043f\u0438\u0440\u0438\u043d\u0430 \u0441 \u043f\u043e-\u0441\u0438\u043b\u043d\u043e \u0434\u0435\u0439\u0441\u0442\u0432\u0438\u0435 \u0438 \u0432\u0438\u0441\u043e\u043a\u0430 \u043b\u0438\u043f\u043e\u0444\u0438\u043b\u043d\u043e\u0441\u0442, \u043a\u043e\u0435\u0442\u043e \u0433\u043e \u043f\u0440\u0430\u0432\u0438 \u043b\u0435\u0441\u043d\u043e \u0443\u0441\u0432\u043e\u0438\u043c \u043e\u0442 \u043a\u043b\u0435\u0442\u043a\u0438\u0442\u0435. \u041f\u0440\u043e\u0434\u0443\u043a\u0442\u044a\u0442 \u043f\u043e\u043a\u0430\u0437\u0432\u0430 \u043e\u0431\u0435\u0449\u0430\u0432\u0430\u0449\u0438 \u0440\u0435\u0437\u0443\u043b\u0442\u0430\u0442\u0438 \u0432 \u0431\u043e\u0440\u0431\u0430\u0442\u0430 \u0441 \u0442\u0443\u043c\u043e\u0440\u043d\u0438\u0442\u0435 \u043e\u0431\u0440\u0430\u0437\u0443\u0432\u0430\u043d\u0438\u044f \u0438 \u0435 \u0435\u0444\u0435\u043a\u0442\u0438\u0432\u0435\u043d \u0432 \u0438\u043d\u0434\u0443\u0446\u0438\u0440\u0430\u043d\u0435\u0442\u043e \u043d\u0430 \u043a\u043b\u0435\u0442\u044a\u0447\u043d\u0430 \u0441\u043c\u044a\u0440\u0442 \u0432 \u0440\u0430\u043a\u043e\u0432\u0438 \u043a\u043b\u0435\u0442\u043a\u0438 \u0447\u0440\u0435\u0437 \u043f\u043e\u043d\u0438\u0436\u0430\u0432\u0430\u043d\u0435 \u043d\u0430 \u0432\u044a\u0442\u0440\u0435\u043a\u043b\u0435\u0442\u044a\u0447\u043d\u043e\u0442\u043e pH. \u0422\u0430\u0437\u0438 \u043d\u0435\u0442\u043e\u043a\u0441\u0438\u0447\u043d\u0430 \u0438 \u0441\u0438\u043b\u043d\u043e \u0435\u0444\u0435\u043a\u0442\u0438\u0432\u043d\u0430 \u043c\u043e\u043b\u0435\u043a\u0443\u043b\u0430 \u043f\u0440\u0435\u0434\u043b\u0430\u0433\u0430 \u043d\u043e\u0432\u0438 \u0432\u044a\u0437\u043c\u043e\u0436\u043d\u043e\u0441\u0442\u0438 \u0432 \u043f\u043e\u0434\u043a\u0440\u0435\u043f\u0430 \u043d\u0430 \u0437\u0434\u0440\u0430\u0432\u0435\u0442\u043e.<\/p>\n<p>https:\/\/lowtoxinforum.com\/threads\/2-6-dihydroxybenzoic-acid.53366\/<\/p>","protected":false},"excerpt":{"rendered":"<p><strong>2,6-Dihydroxybenzoic Acid<\/strong><\/p>\n<p>CAS: 303-07-1<\/p>\n<p>10 \u0433\u0440\u0430\u043c\u0430<\/p>\n<p>Sigma<\/p>","protected":false},"author":1,"featured_media":0,"comment_status":"open","ping_status":"closed","template":"","meta":{"_et_pb_use_builder":"","_et_pb_old_content":"","_et_gb_content_width":"","advgb_blocks_editor_width":"","advgb_blocks_columns_visual_guide":"","_monsterinsights_skip_tracking":false,"_monsterinsights_sitenote_active":false,"_monsterinsights_sitenote_note":"","_monsterinsights_sitenote_category":0,"_uf_show_specific_survey":0,"_uf_disable_surveys":false,"jetpack_publicize_message":"","jetpack_publicize_feature_enabled":true,"jetpack_social_post_already_shared":false,"jetpack_social_options":{"image_generator_settings":{"template":"highway","default_image_id":0,"font":"","enabled":false},"version":2}},"product_brand":[],"product_cat":[845,1021],"product_tag":[1159,1160,1131,365,439,1132],"woo-feed-brand":[],"class_list":{"0":"post-23618","1":"product","2":"type-product","3":"status-publish","5":"product_cat-haidut","6":"product_cat-lslabs","7":"product_tag-1159","8":"product_tag-6-dihydroxybenzoic-acid","9":"product_tag-aspirin","10":"product_tag-haidut","11":"product_tag-439","12":"product_tag-1132","14":"first","15":"instock","16":"taxable","17":"shipping-taxable","18":"purchasable","19":"product-type-simple"},"yoast_head":"<!-- This site is optimized with the Yoast SEO plugin v27.5 - https:\/\/yoast.com\/product\/yoast-seo-wordpress\/ -->\n<title>Aspitenrin\/\u0430\u0441\u043f\u0438\u0442\u0435\u043d\u0440\u0438\u043d - \u0423\u0441\u0435\u0442\u0438, \u043c\u0438\u0441\u043b\u0438, \u0434\u0435\u0439\u0441\u0442\u0432\u0430\u0439<\/title>\n<meta name=\"robots\" content=\"index, follow, max-snippet:-1, max-image-preview:large, max-video-preview:-1\" \/>\n<link rel=\"canonical\" href=\"https:\/\/xenobg.com\/ro\/produs\/aspitenrin-\u0430\u0441\u043f\u0438\u0442\u0435\u043d\u0440\u0438\u043d-26-dihydroxybenzoic-acid\/\" \/>\n<meta property=\"og:locale\" content=\"ro_RO\" \/>\n<meta property=\"og:type\" content=\"article\" \/>\n<meta property=\"og:title\" content=\"Aspitenrin\/\u0430\u0441\u043f\u0438\u0442\u0435\u043d\u0440\u0438\u043d - \u0423\u0441\u0435\u0442\u0438, \u043c\u0438\u0441\u043b\u0438, \u0434\u0435\u0439\u0441\u0442\u0432\u0430\u0439\" \/>\n<meta property=\"og:description\" content=\"2,6-Dihydroxybenzoic Acid  CAS: 303-07-1  10 \u0433\u0440\u0430\u043c\u0430  Sigma\" \/>\n<meta property=\"og:url\" content=\"https:\/\/xenobg.com\/ro\/produs\/aspitenrin-\u0430\u0441\u043f\u0438\u0442\u0435\u043d\u0440\u0438\u043d-26-dihydroxybenzoic-acid\/\" \/>\n<meta property=\"og:site_name\" content=\"\u0423\u0441\u0435\u0442\u0438, \u043c\u0438\u0441\u043b\u0438, \u0434\u0435\u0439\u0441\u0442\u0432\u0430\u0439\" \/>\n<meta property=\"article:publisher\" content=\"https:\/\/www.facebook.com\/xenobg\" \/>\n<meta property=\"article:modified_time\" content=\"2026-01-05T21:33:44+00:00\" \/>\n<meta name=\"twitter:label1\" content=\"Timp estimat pentru citire\" \/>\n\t<meta name=\"twitter:data1\" content=\"1 minut\" \/>\n<script type=\"application\/ld+json\" class=\"yoast-schema-graph\">{\"@context\":\"https:\\\/\\\/schema.org\",\"@graph\":[{\"@type\":\"WebPage\",\"@id\":\"https:\\\/\\\/xenobg.com\\\/produkt\\\/aspitenrin-%d0%b0%d1%81%d0%bf%d0%b8%d1%82%d0%b5%d0%bd%d1%80%d0%b8%d0%bd-26-dihydroxybenzoic-acid\\\/\",\"url\":\"https:\\\/\\\/xenobg.com\\\/produkt\\\/aspitenrin-%d0%b0%d1%81%d0%bf%d0%b8%d1%82%d0%b5%d0%bd%d1%80%d0%b8%d0%bd-26-dihydroxybenzoic-acid\\\/\",\"name\":\"Aspitenrin\\\/\u0430\u0441\u043f\u0438\u0442\u0435\u043d\u0440\u0438\u043d - \u0423\u0441\u0435\u0442\u0438, \u043c\u0438\u0441\u043b\u0438, \u0434\u0435\u0439\u0441\u0442\u0432\u0430\u0439\",\"isPartOf\":{\"@id\":\"https:\\\/\\\/xenobg.com\\\/#website\"},\"datePublished\":\"2024-08-19T05:42:25+00:00\",\"dateModified\":\"2026-01-05T21:33:44+00:00\",\"breadcrumb\":{\"@id\":\"https:\\\/\\\/xenobg.com\\\/produkt\\\/aspitenrin-%d0%b0%d1%81%d0%bf%d0%b8%d1%82%d0%b5%d0%bd%d1%80%d0%b8%d0%bd-26-dihydroxybenzoic-acid\\\/#breadcrumb\"},\"inLanguage\":\"ro-RO\",\"potentialAction\":[{\"@type\":\"ReadAction\",\"target\":[\"https:\\\/\\\/xenobg.com\\\/produkt\\\/aspitenrin-%d0%b0%d1%81%d0%bf%d0%b8%d1%82%d0%b5%d0%bd%d1%80%d0%b8%d0%bd-26-dihydroxybenzoic-acid\\\/\"]}]},{\"@type\":\"BreadcrumbList\",\"@id\":\"https:\\\/\\\/xenobg.com\\\/produkt\\\/aspitenrin-%d0%b0%d1%81%d0%bf%d0%b8%d1%82%d0%b5%d0%bd%d1%80%d0%b8%d0%bd-26-dihydroxybenzoic-acid\\\/#breadcrumb\",\"itemListElement\":[{\"@type\":\"ListItem\",\"position\":1,\"name\":\"\u041d\u0430\u0447\u0430\u043b\u043e\",\"item\":\"https:\\\/\\\/xenobg.com\\\/\"},{\"@type\":\"ListItem\",\"position\":2,\"name\":\"\u041c\u0430\u0433\u0430\u0437\u0438\u043d\",\"item\":\"https:\\\/\\\/xenobg.com\\\/magazin\\\/\"},{\"@type\":\"ListItem\",\"position\":3,\"name\":\"Aspitenrin\\\/\u0430\u0441\u043f\u0438\u0442\u0435\u043d\u0440\u0438\u043d\"}]},{\"@type\":\"WebSite\",\"@id\":\"https:\\\/\\\/xenobg.com\\\/#website\",\"url\":\"https:\\\/\\\/xenobg.com\\\/\",\"name\":\"\u0423\u0441\u0435\u0442\u0438, \u043c\u0438\u0441\u043b\u0438, \u0434\u0435\u0439\u0441\u0442\u0432\u0430\u0439\",\"description\":\"\u0423\u0441\u0435\u0442\u0438, \u043c\u0438\u0441\u043b\u0438, \u0434\u0435\u0439\u0441\u0442\u0432\u0430\u0439 \u0441 \u0412\u0435\u0441\u0435\u043b\u0438\u043d \u0438 IdeaLabs \u0438 LSlabs\",\"potentialAction\":[{\"@type\":\"SearchAction\",\"target\":{\"@type\":\"EntryPoint\",\"urlTemplate\":\"https:\\\/\\\/xenobg.com\\\/?s={search_term_string}\"},\"query-input\":{\"@type\":\"PropertyValueSpecification\",\"valueRequired\":true,\"valueName\":\"search_term_string\"}}],\"inLanguage\":\"ro-RO\"}]}<\/script>\n<!-- \/ Yoast SEO plugin. -->","yoast_head_json":{"title":"Aspitenrin\/\u0430\u0441\u043f\u0438\u0442\u0435\u043d\u0440\u0438\u043d - \u0423\u0441\u0435\u0442\u0438, \u043c\u0438\u0441\u043b\u0438, \u0434\u0435\u0439\u0441\u0442\u0432\u0430\u0439","robots":{"index":"index","follow":"follow","max-snippet":"max-snippet:-1","max-image-preview":"max-image-preview:large","max-video-preview":"max-video-preview:-1"},"canonical":"https:\/\/xenobg.com\/ro\/produs\/aspitenrin-\u0430\u0441\u043f\u0438\u0442\u0435\u043d\u0440\u0438\u043d-26-dihydroxybenzoic-acid\/","og_locale":"ro_RO","og_type":"article","og_title":"Aspitenrin\/\u0430\u0441\u043f\u0438\u0442\u0435\u043d\u0440\u0438\u043d - \u0423\u0441\u0435\u0442\u0438, \u043c\u0438\u0441\u043b\u0438, \u0434\u0435\u0439\u0441\u0442\u0432\u0430\u0439","og_description":"2,6-Dihydroxybenzoic Acid  CAS: 303-07-1  10 \u0433\u0440\u0430\u043c\u0430  Sigma","og_url":"https:\/\/xenobg.com\/ro\/produs\/aspitenrin-\u0430\u0441\u043f\u0438\u0442\u0435\u043d\u0440\u0438\u043d-26-dihydroxybenzoic-acid\/","og_site_name":"\u0423\u0441\u0435\u0442\u0438, \u043c\u0438\u0441\u043b\u0438, \u0434\u0435\u0439\u0441\u0442\u0432\u0430\u0439","article_publisher":"https:\/\/www.facebook.com\/xenobg","article_modified_time":"2026-01-05T21:33:44+00:00","twitter_misc":{"Timp estimat pentru citire":"1 minut"},"schema":{"@context":"https:\/\/schema.org","@graph":[{"@type":"WebPage","@id":"https:\/\/xenobg.com\/produkt\/aspitenrin-%d0%b0%d1%81%d0%bf%d0%b8%d1%82%d0%b5%d0%bd%d1%80%d0%b8%d0%bd-26-dihydroxybenzoic-acid\/","url":"https:\/\/xenobg.com\/produkt\/aspitenrin-%d0%b0%d1%81%d0%bf%d0%b8%d1%82%d0%b5%d0%bd%d1%80%d0%b8%d0%bd-26-dihydroxybenzoic-acid\/","name":"Aspitenrin\/\u0430\u0441\u043f\u0438\u0442\u0435\u043d\u0440\u0438\u043d - \u0423\u0441\u0435\u0442\u0438, \u043c\u0438\u0441\u043b\u0438, \u0434\u0435\u0439\u0441\u0442\u0432\u0430\u0439","isPartOf":{"@id":"https:\/\/xenobg.com\/#website"},"datePublished":"2024-08-19T05:42:25+00:00","dateModified":"2026-01-05T21:33:44+00:00","breadcrumb":{"@id":"https:\/\/xenobg.com\/produkt\/aspitenrin-%d0%b0%d1%81%d0%bf%d0%b8%d1%82%d0%b5%d0%bd%d1%80%d0%b8%d0%bd-26-dihydroxybenzoic-acid\/#breadcrumb"},"inLanguage":"ro-RO","potentialAction":[{"@type":"ReadAction","target":["https:\/\/xenobg.com\/produkt\/aspitenrin-%d0%b0%d1%81%d0%bf%d0%b8%d1%82%d0%b5%d0%bd%d1%80%d0%b8%d0%bd-26-dihydroxybenzoic-acid\/"]}]},{"@type":"BreadcrumbList","@id":"https:\/\/xenobg.com\/produkt\/aspitenrin-%d0%b0%d1%81%d0%bf%d0%b8%d1%82%d0%b5%d0%bd%d1%80%d0%b8%d0%bd-26-dihydroxybenzoic-acid\/#breadcrumb","itemListElement":[{"@type":"ListItem","position":1,"name":"\u041d\u0430\u0447\u0430\u043b\u043e","item":"https:\/\/xenobg.com\/"},{"@type":"ListItem","position":2,"name":"\u041c\u0430\u0433\u0430\u0437\u0438\u043d","item":"https:\/\/xenobg.com\/magazin\/"},{"@type":"ListItem","position":3,"name":"Aspitenrin\/\u0430\u0441\u043f\u0438\u0442\u0435\u043d\u0440\u0438\u043d"}]},{"@type":"WebSite","@id":"https:\/\/xenobg.com\/#website","url":"https:\/\/xenobg.com\/","name":"Sim\u021bi\u021bi, g\u00e2ndi\u021bi, ac\u021biona\u021bi","description":"Simte, g\u00e2nde\u0219te, ac\u021bioneaz\u0103 cu Veselin \u0219i IdeaLabs \u0219i LSlabs","potentialAction":[{"@type":"SearchAction","target":{"@type":"EntryPoint","urlTemplate":"https:\/\/xenobg.com\/?s={search_term_string}"},"query-input":{"@type":"PropertyValueSpecification","valueRequired":true,"valueName":"search_term_string"}}],"inLanguage":"ro-RO"}]}},"jetpack_publicize_connections":[],"featured_img":false,"coauthors":[],"author_meta":{"author_link":"https:\/\/xenobg.com\/ro\/author\/xenobg\/","display_name":"\u0425\u0430\u0439\u0434\u0443\u0442\u0438\u043d"},"relative_dates":{"created":"Publicat 2 ani \u00een urm\u0103","modified":"Actualizat 4 luni \u00een urm\u0103"},"absolute_dates":{"created":"Publicat pe 19.08.2024","modified":"Actualizat pe 05.01.2026"},"absolute_dates_time":{"created":"Publicat pe 19.08.2024 8:42 am","modified":"Actualizat pe 05.01.2026 11:33 pm"},"featured_img_caption":"","tax_additional":{"product_brand":{"linked":[],"unlinked":[],"slug":"product_brand","name":"Branduri"},"product_type":{"linked":["<a href=\"https:\/\/xenobg.com\/ro\/?taxonomy=product_type&#038;term=simple\" class=\"advgb-post-tax-term\">simple<\/a>"],"unlinked":["<span class=\"advgb-post-tax-term\">simple<\/span>"],"slug":"product_type","name":"Tip de produs"},"product_visibility":{"linked":[],"unlinked":[],"slug":"product_visibility","name":"Vizibilitate produs"},"product_cat":{"linked":["<a href=\"https:\/\/xenobg.com\/ro\/produktova-kategoria\/haidut\/\" class=\"advgb-post-tax-term\">haidut<\/a>","<a href=\"https:\/\/xenobg.com\/ro\/produktova-kategoria\/lslabs\/\" class=\"advgb-post-tax-term\">LSLabs-liquid supplements labs<\/a>"],"unlinked":["<span class=\"advgb-post-tax-term\">haidut<\/span>","<span class=\"advgb-post-tax-term\">LSLabs-liquid supplements labs<\/span>"],"slug":"product_cat","name":"Categorii de produse"},"product_tag":{"linked":["<a href=\"https:\/\/xenobg.com\/ro\/produktov-etiket\/2\/\" class=\"advgb-post-tax-term\">2<\/a>","<a href=\"https:\/\/xenobg.com\/ro\/produktov-etiket\/6-dihydroxybenzoic-acid\/\" class=\"advgb-post-tax-term\">6-Dihydroxybenzoic Acid<\/a>","<a href=\"https:\/\/xenobg.com\/ro\/produktov-etiket\/aspirin\/\" class=\"advgb-post-tax-term\">aspirin<\/a>","<a href=\"https:\/\/xenobg.com\/ro\/produktov-etiket\/haidut\/\" class=\"advgb-post-tax-term\">Haidut<\/a>","<a href=\"https:\/\/xenobg.com\/ro\/produktov-etiket\/%d0%b0%d1%81%d0%bf%d0%b8%d1%80%d0%b8%d0%bd\/\" class=\"advgb-post-tax-term\">\u0430\u0441\u043f\u0438\u0440\u0438\u043d<\/a>","<a href=\"https:\/\/xenobg.com\/ro\/produktov-etiket\/%d1%80%d0%b0%d0%ba\/\" class=\"advgb-post-tax-term\">\u0440\u0430\u043a<\/a>"],"unlinked":["<span class=\"advgb-post-tax-term\">2<\/span>","<span class=\"advgb-post-tax-term\">6-Dihydroxybenzoic Acid<\/span>","<span class=\"advgb-post-tax-term\">aspirin<\/span>","<span class=\"advgb-post-tax-term\">Haidut<\/span>","<span class=\"advgb-post-tax-term\">\u0430\u0441\u043f\u0438\u0440\u0438\u043d<\/span>","<span class=\"advgb-post-tax-term\">\u0440\u0430\u043a<\/span>"],"slug":"product_tag","name":"Etichete produs"},"product_shipping_class":{"linked":[],"unlinked":[],"slug":"product_shipping_class","name":"Clase de livrare produse"},"pos_product_visibility":{"linked":[],"unlinked":[],"slug":"pos_product_visibility","name":"Vizibilitate produse \u00een POS"},"pa_color":{"linked":[],"unlinked":[],"slug":"pa_color","name":"color produs"},"pa_size":{"linked":[],"unlinked":[],"slug":"pa_size","name":"size produs"},"woo-feed-brand":{"linked":[],"unlinked":[],"slug":"woo-feed-brand","name":"Brand by CTX Feed"}},"series_order":"","jetpack_sharing_enabled":true,"_links":{"self":[{"href":"https:\/\/xenobg.com\/ro\/wp-json\/wp\/v2\/product\/23618","targetHints":{"allow":["GET"]}}],"collection":[{"href":"https:\/\/xenobg.com\/ro\/wp-json\/wp\/v2\/product"}],"about":[{"href":"https:\/\/xenobg.com\/ro\/wp-json\/wp\/v2\/types\/product"}],"replies":[{"embeddable":true,"href":"https:\/\/xenobg.com\/ro\/wp-json\/wp\/v2\/comments?post=23618"}],"wp:attachment":[{"href":"https:\/\/xenobg.com\/ro\/wp-json\/wp\/v2\/media?parent=23618"}],"wp:term":[{"taxonomy":"product_brand","embeddable":true,"href":"https:\/\/xenobg.com\/ro\/wp-json\/wp\/v2\/product_brand?post=23618"},{"taxonomy":"product_cat","embeddable":true,"href":"https:\/\/xenobg.com\/ro\/wp-json\/wp\/v2\/product_cat?post=23618"},{"taxonomy":"product_tag","embeddable":true,"href":"https:\/\/xenobg.com\/ro\/wp-json\/wp\/v2\/product_tag?post=23618"},{"taxonomy":"woo-feed-brand","embeddable":true,"href":"https:\/\/xenobg.com\/ro\/wp-json\/wp\/v2\/woo-feed-brand?post=23618"}],"curies":[{"name":"wp","href":"https:\/\/api.w.org\/{rel}","templated":true}]}}