{"id":23979,"date":"2024-11-13T23:40:26","date_gmt":"2024-11-13T21:40:26","guid":{"rendered":"https:\/\/xenobg.com\/produkt\/activated-charcoal\/"},"modified":"2026-01-05T13:44:58","modified_gmt":"2026-01-05T11:44:58","slug":"carbune-activ","status":"publish","type":"product","link":"https:\/\/xenobg.com\/ro\/produkt\/activated-charcoal\/","title":{"rendered":"C\u0103rbune activat 60g."},"content":{"rendered":"<p>Bio c\u0103rbune activ din bambus<\/p>\n<h2 class=\"\" data-start=\"273\" data-end=\"296\">Descrierea produsului<\/h2>\n<p class=\"\" data-start=\"298\" data-end=\"363\"><strong data-start=\"298\" data-end=\"363\">C\u0103rbune activat - Puterea pur\u0103 a naturii pentru s\u0103n\u0103tatea dumneavoastr\u0103<\/strong><\/p>\n<p class=\"\" data-start=\"365\" data-end=\"649\">C\u0103rbunele activ este unul dintre cele mai vechi \u0219i eficiente detoxifiante naturale, recomandat de exper\u021bi precum Ray Pete \u0219i Georgi Dinkov. Filozofia lor se concentreaz\u0103 pe a ajuta \u00een siguran\u021b\u0103 \u0219i cu bl\u00e2nde\u021be organismul s\u0103 combat\u0103 toxinele acumulate, endotoxinele \u0219i metaboli\u021bii nocivi.<\/p>\n<p class=\"\" data-start=\"651\" data-end=\"720\">noastre <strong data-start=\"658\" data-end=\"680\">C\u0103rbune activat<\/strong> este creat cu aten\u021bie la fiecare detaliu:<\/p>\n<ul data-start=\"721\" data-end=\"931\">\n<li class=\"\" data-start=\"721\" data-end=\"768\">\n<p class=\"\" data-start=\"723\" data-end=\"768\">Pulbere extrem de fin\u0103 pentru o absorb\u021bie optim\u0103.<\/p>\n<\/li>\n<li class=\"\" data-start=\"769\" data-end=\"806\">\n<p class=\"\" data-start=\"771\" data-end=\"806\">Compozi\u021bie pur\u0103, f\u0103r\u0103 aditivi \u0219i substan\u021be chimice.<\/p>\n<\/li>\n<li class=\"\" data-start=\"807\" data-end=\"931\">\n<p class=\"\" data-start=\"809\" data-end=\"931\">Ideal pentru detoxifiere intermitent\u0103, sus\u021binerea sistemului digestiv \u0219i reducerea \u00eenc\u0103rc\u0103turii de endotoxine.<\/p>\n<\/li>\n<\/ul>\n<p class=\"\" data-start=\"933\" data-end=\"1362\">Potrivit lui Ray Pete, una dintre principalele probleme de s\u0103n\u0103tate este toxicitatea intern\u0103 rezultat\u0103 din metaboli\u021bii bacterieni \u0219i factorii de stres. C\u0103rbunele activat ac\u021bioneaz\u0103 ca un magnet natural pentru aceste substan\u021be, f\u0103r\u0103 a irita organismul sau a perturba echilibrul metabolic delicat. Georgi Dinkov adaug\u0103 c\u0103 c\u0103rbunele activ poate fi un aliat puternic \u00een c\u0103utarea unei digestii mai bune, a cre\u0219terii energiei \u0219i a protec\u021biei \u00eempotriva inflama\u021biilor sistemice.<\/p>\n<p class=\"\" data-start=\"1364\" data-end=\"1379\"><strong data-start=\"1364\" data-end=\"1379\">Avantaje:<\/strong><\/p>\n<ul data-start=\"1380\" data-end=\"1568\">\n<li class=\"\" data-start=\"1380\" data-end=\"1413\">\n<p class=\"\" data-start=\"1382\" data-end=\"1413\">Absoarbe toxinele \u0219i endotoxinele<\/p>\n<\/li>\n<li class=\"\" data-start=\"1414\" data-end=\"1462\">\n<p class=\"\" data-start=\"1416\" data-end=\"1462\">\u00cembun\u0103t\u0103\u021be\u0219te digestia \u0219i reduce balonarea<\/p>\n<\/li>\n<li class=\"\" data-start=\"1463\" data-end=\"1500\">\n<p class=\"\" data-start=\"1465\" data-end=\"1500\">Sus\u021bine metabolismul s\u0103n\u0103tos<\/p>\n<\/li>\n<li class=\"\" data-start=\"1501\" data-end=\"1540\">\n<p class=\"\" data-start=\"1503\" data-end=\"1540\">Ideal pentru un program periodic de detoxifiere<\/p>\n<\/li>\n<li class=\"\" data-start=\"1541\" data-end=\"1568\">\n<p class=\"\" data-start=\"1543\" data-end=\"1568\">Sus\u021bine sistemul imunitar<\/p>\n<\/li>\n<\/ul>\n<p class=\"\" data-start=\"1570\" data-end=\"1701\"><strong data-start=\"1570\" data-end=\"1585\">Cerere:<\/strong><br data-start=\"1585\" data-end=\"1588\" \/>Lua\u021bi la nevoie, dizolvat \u00een ap\u0103, dup\u0103 consultarea unui specialist sau conform indica\u021biilor regimului dumneavoastr\u0103.<\/p>\n<p class=\"\" data-start=\"1703\" data-end=\"1771\">Selecta\u021bi <strong data-start=\"1712\" data-end=\"1734\">C\u0103rbune activat<\/strong> - scutul natural al s\u0103n\u0103t\u0103\u021bii tale!<\/p>\n<p>30 de grame<\/p>","protected":false},"excerpt":{"rendered":"<p>Cel mai pur c\u0103rbune activat pentru detoxifiere eficient\u0103 \u0219i sus\u021binerea s\u0103n\u0103t\u0103\u021bii. Absoarbe toxinele \u0219i endotoxinele, \u00eembun\u0103t\u0103\u021be\u0219te digestia \u0219i protejeaz\u0103 metabolismul.<\/p>\n<p>60 de grame<\/p>","protected":false},"author":1,"featured_media":0,"comment_status":"open","ping_status":"closed","template":"","meta":{"_et_pb_use_builder":"","_et_pb_old_content":"","_et_gb_content_width":"","advgb_blocks_editor_width":"","advgb_blocks_columns_visual_guide":"","_monsterinsights_skip_tracking":false,"_monsterinsights_sitenote_active":false,"_monsterinsights_sitenote_note":"","_monsterinsights_sitenote_category":0,"_uf_show_specific_survey":0,"_uf_disable_surveys":false,"jetpack_publicize_message":"","jetpack_publicize_feature_enabled":true,"jetpack_social_post_already_shared":true,"jetpack_social_options":{"image_generator_settings":{"template":"highway","default_image_id":0,"font":"","enabled":false},"version":2}},"product_brand":[],"product_cat":[1021,1134],"product_tag":[1387,1180,1395,1390,1388,1397,1393,1391,1392,1398,1394,1389,1396,861,1099],"woo-feed-brand":[],"class_list":{"0":"post-23979","1":"product","2":"type-product","3":"status-publish","5":"product_cat-lslabs","6":"product_cat-1134","7":"product_tag-activated-charcoal","8":"product_tag-1180","9":"product_tag-1395","10":"product_tag-1390","11":"product_tag-1388","12":"product_tag-1397","13":"product_tag-1393","14":"product_tag-1391","15":"product_tag-1392","16":"product_tag-1398","17":"product_tag-1394","18":"product_tag-1389","19":"product_tag-1396","20":"product_tag-861","21":"product_tag-1099","23":"first","24":"instock","25":"taxable","26":"shipping-taxable","27":"purchasable","28":"product-type-simple"},"yoast_head":"<!-- This site is optimized with the Yoast SEO plugin v27.3 - https:\/\/yoast.com\/product\/yoast-seo-wordpress\/ -->\n<title>Activated Charcoal \u2013 \u041d\u0430\u0442\u0443\u0440\u0430\u043b\u043d\u0430 \u0434\u0435\u0442\u043e\u043a\u0441\u0438\u043a\u0430\u0446\u0438\u044f<\/title>\n<meta name=\"description\" content=\"\u041e\u0442\u043a\u0440\u0438\u0439\u0442\u0435 \u0441\u0438\u043b\u0430\u0442\u0430 \u043d\u0430 \u0430\u043a\u0442\u0438\u0432\u043d\u0438\u044f \u0432\u044a\u0433\u043b\u0435\u043d \u0441 \u043d\u0430\u0448\u0438\u044f Activated Charcoal! \u041f\u043e\u0434\u043f\u043e\u043c\u0430\u0433\u0430 \u0434\u0435\u0442\u043e\u043a\u0441\u0438\u043a\u0430\u0446\u0438\u044f\u0442\u0430, \u043d\u0430\u043c\u0430\u043b\u044f\u0432\u0430 \u0435\u043d\u0434\u043e\u0442\u043e\u043a\u0441\u0438\u043d\u0438\u0442\u0435 \u0438 \u043f\u043e\u0434\u043a\u0440\u0435\u043f\u044f \u0437\u0434\u0440\u0430\u0432\u043e\u0441\u043b\u043e\u0432\u043d\u0438\u044f \u043c\u0435\u0442\u0430\u0431\u043e\u043b\u0438\u0437\u044a\u043c \u2013 \u043f\u0440\u0435\u043f\u043e\u0440\u044a\u0447\u0430\u043d \u043e\u0442 \u0420\u0435\u0439 \u041f\u0438\u0439\u0442 \u0438 \u0413\u0435\u043e\u0440\u0433\u0438 \u0414\u0438\u043d\u043a\u043e\u0432\" \/>\n<meta name=\"robots\" content=\"index, follow, max-snippet:-1, max-image-preview:large, max-video-preview:-1\" \/>\n<link rel=\"canonical\" href=\"https:\/\/xenobg.com\/ro\/produs\/carbune-activ\/\" \/>\n<meta property=\"og:locale\" content=\"ro_RO\" \/>\n<meta property=\"og:type\" content=\"article\" \/>\n<meta property=\"og:title\" content=\"Activated Charcoal \u2013 \u041d\u0430\u0442\u0443\u0440\u0430\u043b\u043d\u0430 \u0434\u0435\u0442\u043e\u043a\u0441\u0438\u043a\u0430\u0446\u0438\u044f\" \/>\n<meta property=\"og:description\" content=\"\u041e\u0442\u043a\u0440\u0438\u0439\u0442\u0435 \u0441\u0438\u043b\u0430\u0442\u0430 \u043d\u0430 \u0430\u043a\u0442\u0438\u0432\u043d\u0438\u044f \u0432\u044a\u0433\u043b\u0435\u043d \u0441 \u043d\u0430\u0448\u0438\u044f Activated Charcoal! \u041f\u043e\u0434\u043f\u043e\u043c\u0430\u0433\u0430 \u0434\u0435\u0442\u043e\u043a\u0441\u0438\u043a\u0430\u0446\u0438\u044f\u0442\u0430, \u043d\u0430\u043c\u0430\u043b\u044f\u0432\u0430 \u0435\u043d\u0434\u043e\u0442\u043e\u043a\u0441\u0438\u043d\u0438\u0442\u0435 \u0438 \u043f\u043e\u0434\u043a\u0440\u0435\u043f\u044f \u0437\u0434\u0440\u0430\u0432\u043e\u0441\u043b\u043e\u0432\u043d\u0438\u044f \u043c\u0435\u0442\u0430\u0431\u043e\u043b\u0438\u0437\u044a\u043c \u2013 \u043f\u0440\u0435\u043f\u043e\u0440\u044a\u0447\u0430\u043d \u043e\u0442 \u0420\u0435\u0439 \u041f\u0438\u0439\u0442 \u0438 \u0413\u0435\u043e\u0440\u0433\u0438 \u0414\u0438\u043d\u043a\u043e\u0432\" \/>\n<meta property=\"og:url\" content=\"https:\/\/xenobg.com\/ro\/produs\/carbune-activ\/\" \/>\n<meta property=\"og:site_name\" content=\"\u0423\u0441\u0435\u0442\u0438, \u043c\u0438\u0441\u043b\u0438, \u0434\u0435\u0439\u0441\u0442\u0432\u0430\u0439\" \/>\n<meta property=\"article:publisher\" content=\"https:\/\/www.facebook.com\/xenobg\" \/>\n<meta property=\"article:modified_time\" content=\"2026-01-05T11:44:58+00:00\" \/>\n<meta name=\"twitter:label1\" content=\"Timp estimat pentru citire\" \/>\n\t<meta name=\"twitter:data1\" content=\"2 minute\" \/>\n<script type=\"application\/ld+json\" class=\"yoast-schema-graph\">{\"@context\":\"https:\\\/\\\/schema.org\",\"@graph\":[{\"@type\":\"WebPage\",\"@id\":\"https:\\\/\\\/xenobg.com\\\/produkt\\\/activated-charcoal\\\/\",\"url\":\"https:\\\/\\\/xenobg.com\\\/produkt\\\/activated-charcoal\\\/\",\"name\":\"Activated Charcoal \u2013 \u041d\u0430\u0442\u0443\u0440\u0430\u043b\u043d\u0430 \u0434\u0435\u0442\u043e\u043a\u0441\u0438\u043a\u0430\u0446\u0438\u044f\",\"isPartOf\":{\"@id\":\"https:\\\/\\\/xenobg.com\\\/#website\"},\"datePublished\":\"2024-11-13T21:40:26+00:00\",\"dateModified\":\"2026-01-05T11:44:58+00:00\",\"description\":\"\u041e\u0442\u043a\u0440\u0438\u0439\u0442\u0435 \u0441\u0438\u043b\u0430\u0442\u0430 \u043d\u0430 \u0430\u043a\u0442\u0438\u0432\u043d\u0438\u044f \u0432\u044a\u0433\u043b\u0435\u043d \u0441 \u043d\u0430\u0448\u0438\u044f Activated Charcoal! \u041f\u043e\u0434\u043f\u043e\u043c\u0430\u0433\u0430 \u0434\u0435\u0442\u043e\u043a\u0441\u0438\u043a\u0430\u0446\u0438\u044f\u0442\u0430, \u043d\u0430\u043c\u0430\u043b\u044f\u0432\u0430 \u0435\u043d\u0434\u043e\u0442\u043e\u043a\u0441\u0438\u043d\u0438\u0442\u0435 \u0438 \u043f\u043e\u0434\u043a\u0440\u0435\u043f\u044f \u0437\u0434\u0440\u0430\u0432\u043e\u0441\u043b\u043e\u0432\u043d\u0438\u044f \u043c\u0435\u0442\u0430\u0431\u043e\u043b\u0438\u0437\u044a\u043c \u2013 \u043f\u0440\u0435\u043f\u043e\u0440\u044a\u0447\u0430\u043d \u043e\u0442 \u0420\u0435\u0439 \u041f\u0438\u0439\u0442 \u0438 \u0413\u0435\u043e\u0440\u0433\u0438 \u0414\u0438\u043d\u043a\u043e\u0432\",\"breadcrumb\":{\"@id\":\"https:\\\/\\\/xenobg.com\\\/produkt\\\/activated-charcoal\\\/#breadcrumb\"},\"inLanguage\":\"ro-RO\",\"potentialAction\":[{\"@type\":\"ReadAction\",\"target\":[\"https:\\\/\\\/xenobg.com\\\/produkt\\\/activated-charcoal\\\/\"]}]},{\"@type\":\"BreadcrumbList\",\"@id\":\"https:\\\/\\\/xenobg.com\\\/produkt\\\/activated-charcoal\\\/#breadcrumb\",\"itemListElement\":[{\"@type\":\"ListItem\",\"position\":1,\"name\":\"\u041d\u0430\u0447\u0430\u043b\u043e\",\"item\":\"https:\\\/\\\/xenobg.com\\\/\"},{\"@type\":\"ListItem\",\"position\":2,\"name\":\"\u041c\u0430\u0433\u0430\u0437\u0438\u043d\",\"item\":\"https:\\\/\\\/xenobg.com\\\/magazin\\\/\"},{\"@type\":\"ListItem\",\"position\":3,\"name\":\"\u0410\u043a\u0442\u0438\u0432\u0435\u043d \u0432\u044a\u0433\u043b\u0435\u043d \\\/activated charcoal 60\u0433.\"}]},{\"@type\":\"WebSite\",\"@id\":\"https:\\\/\\\/xenobg.com\\\/#website\",\"url\":\"https:\\\/\\\/xenobg.com\\\/\",\"name\":\"\u0423\u0441\u0435\u0442\u0438, \u043c\u0438\u0441\u043b\u0438, \u0434\u0435\u0439\u0441\u0442\u0432\u0430\u0439\",\"description\":\"\u0423\u0441\u0435\u0442\u0438, \u043c\u0438\u0441\u043b\u0438, \u0434\u0435\u0439\u0441\u0442\u0432\u0430\u0439 \u0441 \u0412\u0435\u0441\u0435\u043b\u0438\u043d \u0438 IdeaLabs \u0438 LSlabs\",\"potentialAction\":[{\"@type\":\"SearchAction\",\"target\":{\"@type\":\"EntryPoint\",\"urlTemplate\":\"https:\\\/\\\/xenobg.com\\\/?s={search_term_string}\"},\"query-input\":{\"@type\":\"PropertyValueSpecification\",\"valueRequired\":true,\"valueName\":\"search_term_string\"}}],\"inLanguage\":\"ro-RO\"}]}<\/script>\n<!-- \/ Yoast SEO plugin. -->","yoast_head_json":{"title":"C\u0103rbune activat - detoxifiere natural\u0103","description":"Descoperi\u021bi puterea c\u0103rbunelui activ cu c\u0103rbunele nostru activat! Sus\u021bine detoxifierea, reduce endotoxinele \u0219i sus\u021bine metabolismul s\u0103n\u0103tos - recomandat de Ray Pete \u0219i Georgi Dinkov","robots":{"index":"index","follow":"follow","max-snippet":"max-snippet:-1","max-image-preview":"max-image-preview:large","max-video-preview":"max-video-preview:-1"},"canonical":"https:\/\/xenobg.com\/ro\/produs\/carbune-activ\/","og_locale":"ro_RO","og_type":"article","og_title":"Activated Charcoal \u2013 \u041d\u0430\u0442\u0443\u0440\u0430\u043b\u043d\u0430 \u0434\u0435\u0442\u043e\u043a\u0441\u0438\u043a\u0430\u0446\u0438\u044f","og_description":"\u041e\u0442\u043a\u0440\u0438\u0439\u0442\u0435 \u0441\u0438\u043b\u0430\u0442\u0430 \u043d\u0430 \u0430\u043a\u0442\u0438\u0432\u043d\u0438\u044f \u0432\u044a\u0433\u043b\u0435\u043d \u0441 \u043d\u0430\u0448\u0438\u044f Activated Charcoal! \u041f\u043e\u0434\u043f\u043e\u043c\u0430\u0433\u0430 \u0434\u0435\u0442\u043e\u043a\u0441\u0438\u043a\u0430\u0446\u0438\u044f\u0442\u0430, \u043d\u0430\u043c\u0430\u043b\u044f\u0432\u0430 \u0435\u043d\u0434\u043e\u0442\u043e\u043a\u0441\u0438\u043d\u0438\u0442\u0435 \u0438 \u043f\u043e\u0434\u043a\u0440\u0435\u043f\u044f \u0437\u0434\u0440\u0430\u0432\u043e\u0441\u043b\u043e\u0432\u043d\u0438\u044f \u043c\u0435\u0442\u0430\u0431\u043e\u043b\u0438\u0437\u044a\u043c \u2013 \u043f\u0440\u0435\u043f\u043e\u0440\u044a\u0447\u0430\u043d \u043e\u0442 \u0420\u0435\u0439 \u041f\u0438\u0439\u0442 \u0438 \u0413\u0435\u043e\u0440\u0433\u0438 \u0414\u0438\u043d\u043a\u043e\u0432","og_url":"https:\/\/xenobg.com\/ro\/produs\/carbune-activ\/","og_site_name":"\u0423\u0441\u0435\u0442\u0438, \u043c\u0438\u0441\u043b\u0438, \u0434\u0435\u0439\u0441\u0442\u0432\u0430\u0439","article_publisher":"https:\/\/www.facebook.com\/xenobg","article_modified_time":"2026-01-05T11:44:58+00:00","twitter_misc":{"Timp estimat pentru citire":"2 minute"},"schema":{"@context":"https:\/\/schema.org","@graph":[{"@type":"WebPage","@id":"https:\/\/xenobg.com\/produkt\/activated-charcoal\/","url":"https:\/\/xenobg.com\/produkt\/activated-charcoal\/","name":"C\u0103rbune activat - detoxifiere natural\u0103","isPartOf":{"@id":"https:\/\/xenobg.com\/#website"},"datePublished":"2024-11-13T21:40:26+00:00","dateModified":"2026-01-05T11:44:58+00:00","description":"Descoperi\u021bi puterea c\u0103rbunelui activ cu c\u0103rbunele nostru activat! Sus\u021bine detoxifierea, reduce endotoxinele \u0219i sus\u021bine metabolismul s\u0103n\u0103tos - recomandat de Ray Pete \u0219i Georgi Dinkov","breadcrumb":{"@id":"https:\/\/xenobg.com\/produkt\/activated-charcoal\/#breadcrumb"},"inLanguage":"ro-RO","potentialAction":[{"@type":"ReadAction","target":["https:\/\/xenobg.com\/produkt\/activated-charcoal\/"]}]},{"@type":"BreadcrumbList","@id":"https:\/\/xenobg.com\/produkt\/activated-charcoal\/#breadcrumb","itemListElement":[{"@type":"ListItem","position":1,"name":"\u041d\u0430\u0447\u0430\u043b\u043e","item":"https:\/\/xenobg.com\/"},{"@type":"ListItem","position":2,"name":"\u041c\u0430\u0433\u0430\u0437\u0438\u043d","item":"https:\/\/xenobg.com\/magazin\/"},{"@type":"ListItem","position":3,"name":"\u0410\u043a\u0442\u0438\u0432\u0435\u043d \u0432\u044a\u0433\u043b\u0435\u043d \/activated charcoal 60\u0433."}]},{"@type":"WebSite","@id":"https:\/\/xenobg.com\/#website","url":"https:\/\/xenobg.com\/","name":"Sim\u021bi\u021bi, g\u00e2ndi\u021bi, ac\u021biona\u021bi","description":"Simte, g\u00e2nde\u0219te, ac\u021bioneaz\u0103 cu Veselin \u0219i IdeaLabs \u0219i LSlabs","potentialAction":[{"@type":"SearchAction","target":{"@type":"EntryPoint","urlTemplate":"https:\/\/xenobg.com\/?s={search_term_string}"},"query-input":{"@type":"PropertyValueSpecification","valueRequired":true,"valueName":"search_term_string"}}],"inLanguage":"ro-RO"}]}},"jetpack_publicize_connections":[],"featured_img":false,"coauthors":[],"author_meta":{"author_link":"https:\/\/xenobg.com\/ro\/author\/xenobg\/","display_name":"\u0425\u0430\u0439\u0434\u0443\u0442\u0438\u043d"},"relative_dates":{"created":"Posted 1 an ago","modified":"Updated 3 luni ago"},"absolute_dates":{"created":"Posted on 13.11.2024","modified":"Updated on 05.01.2026"},"absolute_dates_time":{"created":"Posted on 13.11.2024 11:40 pm","modified":"Updated on 05.01.2026 1:44 pm"},"featured_img_caption":"","tax_additional":{"product_brand":{"linked":[],"unlinked":[],"slug":"product_brand","name":"Branduri"},"product_type":{"linked":["<a href=\"https:\/\/xenobg.com\/ro\/?taxonomy=product_type&#038;term=simple\" class=\"advgb-post-tax-term\">simple<\/a>"],"unlinked":["<span class=\"advgb-post-tax-term\">simple<\/span>"],"slug":"product_type","name":"Tip de produs"},"product_visibility":{"linked":[],"unlinked":[],"slug":"product_visibility","name":"Vizibilitate produs"},"product_cat":{"linked":["<a href=\"https:\/\/xenobg.com\/ro\/produktova-kategoria\/lslabs\/\" class=\"advgb-post-tax-term\">LSLabs-liquid supplements labs<\/a>","<a href=\"https:\/\/xenobg.com\/ro\/produktova-kategoria\/%d1%80%d0%b5%d0%b9-%d0%bf%d0%b8%d0%b9%d1%82-%d0%b4%d0%be%d0%b1%d0%b0%d0%b2%d0%ba%d0%b8\/\" class=\"advgb-post-tax-term\">\u0440\u0435\u0439 \u043f\u0438\u0439\u0442 \u0434\u043e\u0431\u0430\u0432\u043a\u0438<\/a>"],"unlinked":["<span class=\"advgb-post-tax-term\">LSLabs-liquid supplements labs<\/span>","<span class=\"advgb-post-tax-term\">\u0440\u0435\u0439 \u043f\u0438\u0439\u0442 \u0434\u043e\u0431\u0430\u0432\u043a\u0438<\/span>"],"slug":"product_cat","name":"Categorii de produse"},"product_tag":{"linked":["<a href=\"https:\/\/xenobg.com\/ro\/produktov-etiket\/activated-charcoal\/\" class=\"advgb-post-tax-term\">activated charcoal<\/a>","<a href=\"https:\/\/xenobg.com\/ro\/produktov-etiket\/%d0%b0%d0%ba%d1%82%d0%b8%d0%b2%d0%b5%d0%bd-%d0%b2%d1%8a%d0%b3%d0%bb%d0%b5%d0%bd\/\" class=\"advgb-post-tax-term\">\u0430\u043a\u0442\u0438\u0432\u0435\u043d \u0432\u044a\u0433\u043b\u0435\u043d<\/a>","<a href=\"https:\/\/xenobg.com\/ro\/produktov-etiket\/%d0%b0%d0%bd%d1%82%d0%b8%d0%b5%d0%bd%d0%b4%d0%be%d1%82%d0%be%d0%ba%d1%81%d0%b8%d0%bd\/\" class=\"advgb-post-tax-term\">\u0430\u043d\u0442\u0438\u0435\u043d\u0434\u043e\u0442\u043e\u043a\u0441\u0438\u043d<\/a>","<a href=\"https:\/\/xenobg.com\/ro\/produktov-etiket\/%d0%b3%d0%b5%d0%be%d1%80%d0%b3%d0%b8-%d0%b4%d0%b8%d0%bd%d0%ba%d0%be%d0%b2\/\" class=\"advgb-post-tax-term\">\u0433\u0435\u043e\u0440\u0433\u0438 \u0434\u0438\u043d\u043a\u043e\u0432<\/a>","<a href=\"https:\/\/xenobg.com\/ro\/produktov-etiket\/%d0%b4%d0%b5%d1%82%d0%be%d0%ba%d1%81%d0%b8%d0%ba%d0%b0%d1%86%d0%b8%d1%8f\/\" class=\"advgb-post-tax-term\">\u0434\u0435\u0442\u043e\u043a\u0441\u0438\u043a\u0430\u0446\u0438\u044f<\/a>","<a href=\"https:\/\/xenobg.com\/ro\/produktov-etiket\/%d0%b5%d1%81%d1%82%d0%b5%d1%81%d1%82%d0%b2%d0%b5%d0%bd%d0%b0-%d0%b4%d0%b5%d1%82%d0%be%d0%ba%d1%81%d0%b8%d0%ba%d0%b0%d1%86%d0%b8%d1%8f\/\" class=\"advgb-post-tax-term\">\u0435\u0441\u0442\u0435\u0441\u0442\u0432\u0435\u043d\u0430 \u0434\u0435\u0442\u043e\u043a\u0441\u0438\u043a\u0430\u0446\u0438\u044f<\/a>","<a href=\"https:\/\/xenobg.com\/ro\/produktov-etiket\/%d0%b7%d0%b4%d1%80%d0%b0%d0%b2%d0%be%d1%81%d0%bb%d0%be%d0%b2%d0%bd%d0%be-%d1%85%d1%80%d0%b0%d0%bd%d0%be%d1%81%d0%bc%d0%b8%d0%bb%d0%b0%d0%bd%d0%b5\/\" class=\"advgb-post-tax-term\">\u0437\u0434\u0440\u0430\u0432\u043e\u0441\u043b\u043e\u0432\u043d\u043e \u0445\u0440\u0430\u043d\u043e\u0441\u043c\u0438\u043b\u0430\u043d\u0435<\/a>","<a href=\"https:\/\/xenobg.com\/ro\/produktov-etiket\/%d0%bc%d0%b5%d1%82%d0%b0%d0%b1%d0%be%d0%bb%d0%b8%d1%82%d0%bd%d0%b0-%d0%b4%d0%b5%d1%82%d0%be%d0%ba%d1%81%d0%b8%d0%ba%d0%b0%d1%86%d0%b8%d1%8f\/\" class=\"advgb-post-tax-term\">\u043c\u0435\u0442\u0430\u0431\u043e\u043b\u0438\u0442\u043d\u0430 \u0434\u0435\u0442\u043e\u043a\u0441\u0438\u043a\u0430\u0446\u0438\u044f<\/a>","<a href=\"https:\/\/xenobg.com\/ro\/produktov-etiket\/%d0%bd%d0%b0%d1%82%d1%83%d1%80%d0%b0%d0%bb%d0%bd%d0%b0-%d0%b7%d0%b0%d1%89%d0%b8%d1%82%d0%b0\/\" class=\"advgb-post-tax-term\">\u043d\u0430\u0442\u0443\u0440\u0430\u043b\u043d\u0430 \u0437\u0430\u0449\u0438\u0442\u0430<\/a>","<a href=\"https:\/\/xenobg.com\/ro\/produktov-etiket\/%d0%bf%d0%be%d0%b4%d0%b4%d1%8a%d1%80%d0%b6%d0%b0%d0%bd%d0%b5-%d0%bd%d0%b0-%d0%b8%d0%bc%d1%83%d0%bd%d0%bd%d0%b0%d1%82%d0%b0-%d1%81%d0%b8%d1%81%d1%82%d0%b5%d0%bc%d0%b0\/\" class=\"advgb-post-tax-term\">\u043f\u043e\u0434\u0434\u044a\u0440\u0436\u0430\u043d\u0435 \u043d\u0430 \u0438\u043c\u0443\u043d\u043d\u0430\u0442\u0430 \u0441\u0438\u0441\u0442\u0435\u043c\u0430<\/a>","<a href=\"https:\/\/xenobg.com\/ro\/produktov-etiket\/%d0%bf%d0%be%d0%b4%d0%bf%d0%be%d0%bc%d0%b0%d0%b3%d0%b0%d0%bd%d0%b5-%d0%bd%d0%b0-%d1%87%d0%b5%d1%80%d0%b2%d0%b0%d1%82%d0%b0\/\" class=\"advgb-post-tax-term\">\u043f\u043e\u0434\u043f\u043e\u043c\u0430\u0433\u0430\u043d\u0435 \u043d\u0430 \u0447\u0435\u0440\u0432\u0430\u0442\u0430<\/a>","<a href=\"https:\/\/xenobg.com\/ro\/produktov-etiket\/%d0%bf%d1%80%d0%b5%d0%bc%d0%b0%d1%85%d0%b2%d0%b0%d0%bd%d0%b5-%d0%bd%d0%b0-%d0%b5%d0%bd%d0%b4%d0%be%d1%82%d0%be%d0%ba%d1%81%d0%b8%d0%bd%d0%b8\/\" class=\"advgb-post-tax-term\">\u043f\u0440\u0435\u043c\u0430\u0445\u0432\u0430\u043d\u0435 \u043d\u0430 \u0435\u043d\u0434\u043e\u0442\u043e\u043a\u0441\u0438\u043d\u0438<\/a>","<a href=\"https:\/\/xenobg.com\/ro\/produktov-etiket\/%d0%bf%d1%80%d0%b5%d1%87%d0%b8%d1%81%d1%82%d0%b2%d0%b0%d0%bd%d0%b5-%d0%bd%d0%b0-%d0%be%d1%80%d0%b3%d0%b0%d0%bd%d0%b8%d0%b7%d0%bc%d0%b0\/\" class=\"advgb-post-tax-term\">\u043f\u0440\u0435\u0447\u0438\u0441\u0442\u0432\u0430\u043d\u0435 \u043d\u0430 \u043e\u0440\u0433\u0430\u043d\u0438\u0437\u043c\u0430<\/a>","<a href=\"https:\/\/xenobg.com\/ro\/produktov-etiket\/%d1%80%d0%b5%d0%b9-%d0%bf%d0%b8%d0%b9%d1%82\/\" class=\"advgb-post-tax-term\">\u0420\u0435\u0439 \u041f\u0438\u0439\u0442<\/a>","<a href=\"https:\/\/xenobg.com\/ro\/produktov-etiket\/%d1%85%d0%b0%d0%b9%d0%b4%d1%83%d1%82\/\" class=\"advgb-post-tax-term\">\u0445\u0430\u0439\u0434\u0443\u0442<\/a>"],"unlinked":["<span class=\"advgb-post-tax-term\">activated charcoal<\/span>","<span class=\"advgb-post-tax-term\">\u0430\u043a\u0442\u0438\u0432\u0435\u043d \u0432\u044a\u0433\u043b\u0435\u043d<\/span>","<span class=\"advgb-post-tax-term\">\u0430\u043d\u0442\u0438\u0435\u043d\u0434\u043e\u0442\u043e\u043a\u0441\u0438\u043d<\/span>","<span class=\"advgb-post-tax-term\">\u0433\u0435\u043e\u0440\u0433\u0438 \u0434\u0438\u043d\u043a\u043e\u0432<\/span>","<span class=\"advgb-post-tax-term\">\u0434\u0435\u0442\u043e\u043a\u0441\u0438\u043a\u0430\u0446\u0438\u044f<\/span>","<span class=\"advgb-post-tax-term\">\u0435\u0441\u0442\u0435\u0441\u0442\u0432\u0435\u043d\u0430 \u0434\u0435\u0442\u043e\u043a\u0441\u0438\u043a\u0430\u0446\u0438\u044f<\/span>","<span class=\"advgb-post-tax-term\">\u0437\u0434\u0440\u0430\u0432\u043e\u0441\u043b\u043e\u0432\u043d\u043e \u0445\u0440\u0430\u043d\u043e\u0441\u043c\u0438\u043b\u0430\u043d\u0435<\/span>","<span class=\"advgb-post-tax-term\">\u043c\u0435\u0442\u0430\u0431\u043e\u043b\u0438\u0442\u043d\u0430 \u0434\u0435\u0442\u043e\u043a\u0441\u0438\u043a\u0430\u0446\u0438\u044f<\/span>","<span class=\"advgb-post-tax-term\">\u043d\u0430\u0442\u0443\u0440\u0430\u043b\u043d\u0430 \u0437\u0430\u0449\u0438\u0442\u0430<\/span>","<span class=\"advgb-post-tax-term\">\u043f\u043e\u0434\u0434\u044a\u0440\u0436\u0430\u043d\u0435 \u043d\u0430 \u0438\u043c\u0443\u043d\u043d\u0430\u0442\u0430 \u0441\u0438\u0441\u0442\u0435\u043c\u0430<\/span>","<span class=\"advgb-post-tax-term\">\u043f\u043e\u0434\u043f\u043e\u043c\u0430\u0433\u0430\u043d\u0435 \u043d\u0430 \u0447\u0435\u0440\u0432\u0430\u0442\u0430<\/span>","<span class=\"advgb-post-tax-term\">\u043f\u0440\u0435\u043c\u0430\u0445\u0432\u0430\u043d\u0435 \u043d\u0430 \u0435\u043d\u0434\u043e\u0442\u043e\u043a\u0441\u0438\u043d\u0438<\/span>","<span class=\"advgb-post-tax-term\">\u043f\u0440\u0435\u0447\u0438\u0441\u0442\u0432\u0430\u043d\u0435 \u043d\u0430 \u043e\u0440\u0433\u0430\u043d\u0438\u0437\u043c\u0430<\/span>","<span class=\"advgb-post-tax-term\">\u0420\u0435\u0439 \u041f\u0438\u0439\u0442<\/span>","<span class=\"advgb-post-tax-term\">\u0445\u0430\u0439\u0434\u0443\u0442<\/span>"],"slug":"product_tag","name":"Etichete produs"},"product_shipping_class":{"linked":[],"unlinked":[],"slug":"product_shipping_class","name":"Clase de livrare produse"},"pos_product_visibility":{"linked":[],"unlinked":[],"slug":"pos_product_visibility","name":"Vizibilitate produse \u00een POS"},"pa_color":{"linked":[],"unlinked":[],"slug":"pa_color","name":"color produs"},"pa_size":{"linked":[],"unlinked":[],"slug":"pa_size","name":"size produs"},"woo-feed-brand":{"linked":[],"unlinked":[],"slug":"woo-feed-brand","name":"Brand by CTX Feed"}},"series_order":"","jetpack_sharing_enabled":true,"_links":{"self":[{"href":"https:\/\/xenobg.com\/ro\/wp-json\/wp\/v2\/product\/23979","targetHints":{"allow":["GET"]}}],"collection":[{"href":"https:\/\/xenobg.com\/ro\/wp-json\/wp\/v2\/product"}],"about":[{"href":"https:\/\/xenobg.com\/ro\/wp-json\/wp\/v2\/types\/product"}],"replies":[{"embeddable":true,"href":"https:\/\/xenobg.com\/ro\/wp-json\/wp\/v2\/comments?post=23979"}],"wp:attachment":[{"href":"https:\/\/xenobg.com\/ro\/wp-json\/wp\/v2\/media?parent=23979"}],"wp:term":[{"taxonomy":"product_brand","embeddable":true,"href":"https:\/\/xenobg.com\/ro\/wp-json\/wp\/v2\/product_brand?post=23979"},{"taxonomy":"product_cat","embeddable":true,"href":"https:\/\/xenobg.com\/ro\/wp-json\/wp\/v2\/product_cat?post=23979"},{"taxonomy":"product_tag","embeddable":true,"href":"https:\/\/xenobg.com\/ro\/wp-json\/wp\/v2\/product_tag?post=23979"},{"taxonomy":"woo-feed-brand","embeddable":true,"href":"https:\/\/xenobg.com\/ro\/wp-json\/wp\/v2\/woo-feed-brand?post=23979"}],"curies":[{"name":"wp","href":"https:\/\/api.w.org\/{rel}","templated":true}]}}