{"id":24868,"date":"2025-05-18T08:22:20","date_gmt":"2025-05-18T05:22:20","guid":{"rendered":"https:\/\/xenobg.com\/produkt\/mineralnexus-%d1%82%d0%b5%d1%87%d0%bd%d0%b0-%d1%84%d0%be%d1%80%d0%bc%d1%83%d0%bb%d0%b0-%d0%b7%d0%b0-%d0%bc%d0%b8%d0%bd%d0%b5%d1%80%d0%b0%d0%bb%d0%b5%d0%bd-%d0%b1%d0%b0%d0%bb%d0%b0%d0%bd\/"},"modified":"2026-04-04T11:58:53","modified_gmt":"2026-04-04T08:58:53","slug":"mineralnexus-%d1%82%d0%b5%d1%87%d0%bd%d0%b0-%d1%84%d0%be%d1%80%d0%bc%d1%83%d0%bb%d0%b0-%d0%b7%d0%b0-%d0%bc%d0%b8%d0%bd%d0%b5%d1%80%d0%b0%d0%bb%d0%b5%d0%bd-%d0%b1%d0%b0%d0%bb%d0%b0%d0%bd","status":"publish","type":"product","link":"https:\/\/xenobg.com\/ro\/produkt\/mineralnexus-%d1%82%d0%b5%d1%87%d0%bd%d0%b0-%d1%84%d0%be%d1%80%d0%bc%d1%83%d0%bb%d0%b0-%d0%b7%d0%b0-%d0%bc%d0%b8%d0%bd%d0%b5%d1%80%d0%b0%d0%bb%d0%b5%d0%bd-%d0%b1%d0%b0%d0%bb%d0%b0%d0%bd\/","title":{"rendered":"MineralBalance - Formul\u0103 lichid\u0103 pentru echilibrul mineral"},"content":{"rendered":"<p>200 \u043c\u043b<\/p>","protected":false},"excerpt":{"rendered":"<p>200 \u043c\u043b<\/p>","protected":false},"author":1,"featured_media":0,"comment_status":"open","ping_status":"closed","template":"","meta":{"_et_pb_use_builder":"","_et_pb_old_content":"","_et_gb_content_width":"","advgb_blocks_editor_width":"","advgb_blocks_columns_visual_guide":"","_monsterinsights_skip_tracking":false,"_monsterinsights_sitenote_active":false,"_monsterinsights_sitenote_note":"","_monsterinsights_sitenote_category":0,"_uf_show_specific_survey":0,"_uf_disable_surveys":false,"jetpack_publicize_message":"","jetpack_publicize_feature_enabled":true,"jetpack_social_post_already_shared":true,"jetpack_social_options":{"image_generator_settings":{"template":"highway","default_image_id":0,"font":"","enabled":false},"version":2}},"product_brand":[],"product_cat":[1021],"product_tag":[],"woo-feed-brand":[],"class_list":{"0":"post-24868","1":"product","2":"type-product","3":"status-publish","5":"product_cat-lslabs","7":"first","8":"outofstock","9":"taxable","10":"shipping-taxable","11":"product-type-simple"},"yoast_head":"<!-- This site is optimized with the Yoast SEO plugin v27.5 - https:\/\/yoast.com\/product\/yoast-seo-wordpress\/ -->\n<title>MineralBalance \u2013 \u0422\u0435\u0447\u043d\u0430 \u0424\u043e\u0440\u043c\u0443\u043b\u0430 \u0437\u0430 \u041c\u0438\u043d\u0435\u0440\u0430\u043b\u0435\u043d \u0411\u0430\u043b\u0430\u043d\u0441 - \u0423\u0441\u0435\u0442\u0438, \u043c\u0438\u0441\u043b\u0438, \u0434\u0435\u0439\u0441\u0442\u0432\u0430\u0439<\/title>\n<meta name=\"robots\" content=\"index, follow, max-snippet:-1, max-image-preview:large, max-video-preview:-1\" \/>\n<link rel=\"canonical\" href=\"https:\/\/xenobg.com\/ro\/produs\/mineralnexus-\u0442\u0435\u0447\u043d\u0430-\u0444\u043e\u0440\u043c\u0443\u043b\u0430-\u0437\u0430-\u043c\u0438\u043d\u0435\u0440\u0430\u043b\u0435\u043d-\u0431\u0430\u043b\u0430\u043d\/\" \/>\n<meta property=\"og:locale\" content=\"ro_RO\" \/>\n<meta property=\"og:type\" content=\"article\" \/>\n<meta property=\"og:title\" content=\"MineralBalance \u2013 \u0422\u0435\u0447\u043d\u0430 \u0424\u043e\u0440\u043c\u0443\u043b\u0430 \u0437\u0430 \u041c\u0438\u043d\u0435\u0440\u0430\u043b\u0435\u043d \u0411\u0430\u043b\u0430\u043d\u0441 - \u0423\u0441\u0435\u0442\u0438, \u043c\u0438\u0441\u043b\u0438, \u0434\u0435\u0439\u0441\u0442\u0432\u0430\u0439\" \/>\n<meta property=\"og:description\" content=\"200 \u043c\u043b\" \/>\n<meta property=\"og:url\" content=\"https:\/\/xenobg.com\/ro\/produs\/mineralnexus-\u0442\u0435\u0447\u043d\u0430-\u0444\u043e\u0440\u043c\u0443\u043b\u0430-\u0437\u0430-\u043c\u0438\u043d\u0435\u0440\u0430\u043b\u0435\u043d-\u0431\u0430\u043b\u0430\u043d\/\" \/>\n<meta property=\"og:site_name\" content=\"\u0423\u0441\u0435\u0442\u0438, \u043c\u0438\u0441\u043b\u0438, \u0434\u0435\u0439\u0441\u0442\u0432\u0430\u0439\" \/>\n<meta property=\"article:publisher\" content=\"https:\/\/www.facebook.com\/xenobg\" \/>\n<meta property=\"article:modified_time\" content=\"2026-04-04T08:58:53+00:00\" \/>\n<script type=\"application\/ld+json\" class=\"yoast-schema-graph\">{\"@context\":\"https:\\\/\\\/schema.org\",\"@graph\":[{\"@type\":\"WebPage\",\"@id\":\"https:\\\/\\\/xenobg.com\\\/produkt\\\/mineralnexus-%d1%82%d0%b5%d1%87%d0%bd%d0%b0-%d1%84%d0%be%d1%80%d0%bc%d1%83%d0%bb%d0%b0-%d0%b7%d0%b0-%d0%bc%d0%b8%d0%bd%d0%b5%d1%80%d0%b0%d0%bb%d0%b5%d0%bd-%d0%b1%d0%b0%d0%bb%d0%b0%d0%bd\\\/\",\"url\":\"https:\\\/\\\/xenobg.com\\\/produkt\\\/mineralnexus-%d1%82%d0%b5%d1%87%d0%bd%d0%b0-%d1%84%d0%be%d1%80%d0%bc%d1%83%d0%bb%d0%b0-%d0%b7%d0%b0-%d0%bc%d0%b8%d0%bd%d0%b5%d1%80%d0%b0%d0%bb%d0%b5%d0%bd-%d0%b1%d0%b0%d0%bb%d0%b0%d0%bd\\\/\",\"name\":\"MineralBalance \u2013 \u0422\u0435\u0447\u043d\u0430 \u0424\u043e\u0440\u043c\u0443\u043b\u0430 \u0437\u0430 \u041c\u0438\u043d\u0435\u0440\u0430\u043b\u0435\u043d \u0411\u0430\u043b\u0430\u043d\u0441 - \u0423\u0441\u0435\u0442\u0438, \u043c\u0438\u0441\u043b\u0438, \u0434\u0435\u0439\u0441\u0442\u0432\u0430\u0439\",\"isPartOf\":{\"@id\":\"https:\\\/\\\/xenobg.com\\\/#website\"},\"datePublished\":\"2025-05-18T05:22:20+00:00\",\"dateModified\":\"2026-04-04T08:58:53+00:00\",\"breadcrumb\":{\"@id\":\"https:\\\/\\\/xenobg.com\\\/produkt\\\/mineralnexus-%d1%82%d0%b5%d1%87%d0%bd%d0%b0-%d1%84%d0%be%d1%80%d0%bc%d1%83%d0%bb%d0%b0-%d0%b7%d0%b0-%d0%bc%d0%b8%d0%bd%d0%b5%d1%80%d0%b0%d0%bb%d0%b5%d0%bd-%d0%b1%d0%b0%d0%bb%d0%b0%d0%bd\\\/#breadcrumb\"},\"inLanguage\":\"ro-RO\",\"potentialAction\":[{\"@type\":\"ReadAction\",\"target\":[\"https:\\\/\\\/xenobg.com\\\/produkt\\\/mineralnexus-%d1%82%d0%b5%d1%87%d0%bd%d0%b0-%d1%84%d0%be%d1%80%d0%bc%d1%83%d0%bb%d0%b0-%d0%b7%d0%b0-%d0%bc%d0%b8%d0%bd%d0%b5%d1%80%d0%b0%d0%bb%d0%b5%d0%bd-%d0%b1%d0%b0%d0%bb%d0%b0%d0%bd\\\/\"]}]},{\"@type\":\"BreadcrumbList\",\"@id\":\"https:\\\/\\\/xenobg.com\\\/produkt\\\/mineralnexus-%d1%82%d0%b5%d1%87%d0%bd%d0%b0-%d1%84%d0%be%d1%80%d0%bc%d1%83%d0%bb%d0%b0-%d0%b7%d0%b0-%d0%bc%d0%b8%d0%bd%d0%b5%d1%80%d0%b0%d0%bb%d0%b5%d0%bd-%d0%b1%d0%b0%d0%bb%d0%b0%d0%bd\\\/#breadcrumb\",\"itemListElement\":[{\"@type\":\"ListItem\",\"position\":1,\"name\":\"\u041d\u0430\u0447\u0430\u043b\u043e\",\"item\":\"https:\\\/\\\/xenobg.com\\\/\"},{\"@type\":\"ListItem\",\"position\":2,\"name\":\"\u041c\u0430\u0433\u0430\u0437\u0438\u043d\",\"item\":\"https:\\\/\\\/xenobg.com\\\/magazin\\\/\"},{\"@type\":\"ListItem\",\"position\":3,\"name\":\"MineralBalance \u2013 \u0422\u0435\u0447\u043d\u0430 \u0424\u043e\u0440\u043c\u0443\u043b\u0430 \u0437\u0430 \u041c\u0438\u043d\u0435\u0440\u0430\u043b\u0435\u043d \u0411\u0430\u043b\u0430\u043d\u0441\"}]},{\"@type\":\"WebSite\",\"@id\":\"https:\\\/\\\/xenobg.com\\\/#website\",\"url\":\"https:\\\/\\\/xenobg.com\\\/\",\"name\":\"\u0423\u0441\u0435\u0442\u0438, \u043c\u0438\u0441\u043b\u0438, \u0434\u0435\u0439\u0441\u0442\u0432\u0430\u0439\",\"description\":\"\u0423\u0441\u0435\u0442\u0438, \u043c\u0438\u0441\u043b\u0438, \u0434\u0435\u0439\u0441\u0442\u0432\u0430\u0439 \u0441 \u0412\u0435\u0441\u0435\u043b\u0438\u043d \u0438 IdeaLabs \u0438 LSlabs\",\"potentialAction\":[{\"@type\":\"SearchAction\",\"target\":{\"@type\":\"EntryPoint\",\"urlTemplate\":\"https:\\\/\\\/xenobg.com\\\/?s={search_term_string}\"},\"query-input\":{\"@type\":\"PropertyValueSpecification\",\"valueRequired\":true,\"valueName\":\"search_term_string\"}}],\"inLanguage\":\"ro-RO\"}]}<\/script>\n<!-- \/ Yoast SEO plugin. -->","yoast_head_json":{"title":"MineralBalance \u2013 \u0422\u0435\u0447\u043d\u0430 \u0424\u043e\u0440\u043c\u0443\u043b\u0430 \u0437\u0430 \u041c\u0438\u043d\u0435\u0440\u0430\u043b\u0435\u043d \u0411\u0430\u043b\u0430\u043d\u0441 - \u0423\u0441\u0435\u0442\u0438, \u043c\u0438\u0441\u043b\u0438, \u0434\u0435\u0439\u0441\u0442\u0432\u0430\u0439","robots":{"index":"index","follow":"follow","max-snippet":"max-snippet:-1","max-image-preview":"max-image-preview:large","max-video-preview":"max-video-preview:-1"},"canonical":"https:\/\/xenobg.com\/ro\/produs\/mineralnexus-\u0442\u0435\u0447\u043d\u0430-\u0444\u043e\u0440\u043c\u0443\u043b\u0430-\u0437\u0430-\u043c\u0438\u043d\u0435\u0440\u0430\u043b\u0435\u043d-\u0431\u0430\u043b\u0430\u043d\/","og_locale":"ro_RO","og_type":"article","og_title":"MineralBalance \u2013 \u0422\u0435\u0447\u043d\u0430 \u0424\u043e\u0440\u043c\u0443\u043b\u0430 \u0437\u0430 \u041c\u0438\u043d\u0435\u0440\u0430\u043b\u0435\u043d \u0411\u0430\u043b\u0430\u043d\u0441 - \u0423\u0441\u0435\u0442\u0438, \u043c\u0438\u0441\u043b\u0438, \u0434\u0435\u0439\u0441\u0442\u0432\u0430\u0439","og_description":"200 \u043c\u043b","og_url":"https:\/\/xenobg.com\/ro\/produs\/mineralnexus-\u0442\u0435\u0447\u043d\u0430-\u0444\u043e\u0440\u043c\u0443\u043b\u0430-\u0437\u0430-\u043c\u0438\u043d\u0435\u0440\u0430\u043b\u0435\u043d-\u0431\u0430\u043b\u0430\u043d\/","og_site_name":"\u0423\u0441\u0435\u0442\u0438, \u043c\u0438\u0441\u043b\u0438, \u0434\u0435\u0439\u0441\u0442\u0432\u0430\u0439","article_publisher":"https:\/\/www.facebook.com\/xenobg","article_modified_time":"2026-04-04T08:58:53+00:00","schema":{"@context":"https:\/\/schema.org","@graph":[{"@type":"WebPage","@id":"https:\/\/xenobg.com\/produkt\/mineralnexus-%d1%82%d0%b5%d1%87%d0%bd%d0%b0-%d1%84%d0%be%d1%80%d0%bc%d1%83%d0%bb%d0%b0-%d0%b7%d0%b0-%d0%bc%d0%b8%d0%bd%d0%b5%d1%80%d0%b0%d0%bb%d0%b5%d0%bd-%d0%b1%d0%b0%d0%bb%d0%b0%d0%bd\/","url":"https:\/\/xenobg.com\/produkt\/mineralnexus-%d1%82%d0%b5%d1%87%d0%bd%d0%b0-%d1%84%d0%be%d1%80%d0%bc%d1%83%d0%bb%d0%b0-%d0%b7%d0%b0-%d0%bc%d0%b8%d0%bd%d0%b5%d1%80%d0%b0%d0%bb%d0%b5%d0%bd-%d0%b1%d0%b0%d0%bb%d0%b0%d0%bd\/","name":"MineralBalance \u2013 \u0422\u0435\u0447\u043d\u0430 \u0424\u043e\u0440\u043c\u0443\u043b\u0430 \u0437\u0430 \u041c\u0438\u043d\u0435\u0440\u0430\u043b\u0435\u043d \u0411\u0430\u043b\u0430\u043d\u0441 - \u0423\u0441\u0435\u0442\u0438, \u043c\u0438\u0441\u043b\u0438, \u0434\u0435\u0439\u0441\u0442\u0432\u0430\u0439","isPartOf":{"@id":"https:\/\/xenobg.com\/#website"},"datePublished":"2025-05-18T05:22:20+00:00","dateModified":"2026-04-04T08:58:53+00:00","breadcrumb":{"@id":"https:\/\/xenobg.com\/produkt\/mineralnexus-%d1%82%d0%b5%d1%87%d0%bd%d0%b0-%d1%84%d0%be%d1%80%d0%bc%d1%83%d0%bb%d0%b0-%d0%b7%d0%b0-%d0%bc%d0%b8%d0%bd%d0%b5%d1%80%d0%b0%d0%bb%d0%b5%d0%bd-%d0%b1%d0%b0%d0%bb%d0%b0%d0%bd\/#breadcrumb"},"inLanguage":"ro-RO","potentialAction":[{"@type":"ReadAction","target":["https:\/\/xenobg.com\/produkt\/mineralnexus-%d1%82%d0%b5%d1%87%d0%bd%d0%b0-%d1%84%d0%be%d1%80%d0%bc%d1%83%d0%bb%d0%b0-%d0%b7%d0%b0-%d0%bc%d0%b8%d0%bd%d0%b5%d1%80%d0%b0%d0%bb%d0%b5%d0%bd-%d0%b1%d0%b0%d0%bb%d0%b0%d0%bd\/"]}]},{"@type":"BreadcrumbList","@id":"https:\/\/xenobg.com\/produkt\/mineralnexus-%d1%82%d0%b5%d1%87%d0%bd%d0%b0-%d1%84%d0%be%d1%80%d0%bc%d1%83%d0%bb%d0%b0-%d0%b7%d0%b0-%d0%bc%d0%b8%d0%bd%d0%b5%d1%80%d0%b0%d0%bb%d0%b5%d0%bd-%d0%b1%d0%b0%d0%bb%d0%b0%d0%bd\/#breadcrumb","itemListElement":[{"@type":"ListItem","position":1,"name":"\u041d\u0430\u0447\u0430\u043b\u043e","item":"https:\/\/xenobg.com\/"},{"@type":"ListItem","position":2,"name":"\u041c\u0430\u0433\u0430\u0437\u0438\u043d","item":"https:\/\/xenobg.com\/magazin\/"},{"@type":"ListItem","position":3,"name":"MineralBalance \u2013 \u0422\u0435\u0447\u043d\u0430 \u0424\u043e\u0440\u043c\u0443\u043b\u0430 \u0437\u0430 \u041c\u0438\u043d\u0435\u0440\u0430\u043b\u0435\u043d \u0411\u0430\u043b\u0430\u043d\u0441"}]},{"@type":"WebSite","@id":"https:\/\/xenobg.com\/#website","url":"https:\/\/xenobg.com\/","name":"Sim\u021bi\u021bi, g\u00e2ndi\u021bi, ac\u021biona\u021bi","description":"Simte, g\u00e2nde\u0219te, ac\u021bioneaz\u0103 cu Veselin \u0219i IdeaLabs \u0219i LSlabs","potentialAction":[{"@type":"SearchAction","target":{"@type":"EntryPoint","urlTemplate":"https:\/\/xenobg.com\/?s={search_term_string}"},"query-input":{"@type":"PropertyValueSpecification","valueRequired":true,"valueName":"search_term_string"}}],"inLanguage":"ro-RO"}]}},"jetpack_publicize_connections":[],"featured_img":false,"coauthors":[],"author_meta":{"author_link":"https:\/\/xenobg.com\/ro\/author\/xenobg\/","display_name":"\u0425\u0430\u0439\u0434\u0443\u0442\u0438\u043d"},"relative_dates":{"created":"Posted 12 luni ago","modified":"Updated 4 s\u0103pt\u0103m\u00e2ni ago"},"absolute_dates":{"created":"Posted on 18.05.2025","modified":"Updated on 04.04.2026"},"absolute_dates_time":{"created":"Posted on 18.05.2025 8:22 am","modified":"Updated on 04.04.2026 11:58 am"},"featured_img_caption":"","tax_additional":{"product_brand":{"linked":[],"unlinked":[],"slug":"product_brand","name":"Branduri"},"product_type":{"linked":["<a href=\"https:\/\/xenobg.com\/ro\/?taxonomy=product_type&#038;term=simple\" class=\"advgb-post-tax-term\">simple<\/a>"],"unlinked":["<span class=\"advgb-post-tax-term\">simple<\/span>"],"slug":"product_type","name":"Tip de produs"},"product_visibility":{"linked":["<a href=\"https:\/\/xenobg.com\/ro\/?taxonomy=product_visibility&#038;term=exclude-from-catalog\" class=\"advgb-post-tax-term\">exclude-from-catalog<\/a>","<a href=\"https:\/\/xenobg.com\/ro\/?taxonomy=product_visibility&#038;term=outofstock\" class=\"advgb-post-tax-term\">outofstock<\/a>"],"unlinked":["<span class=\"advgb-post-tax-term\">exclude-from-catalog<\/span>","<span class=\"advgb-post-tax-term\">outofstock<\/span>"],"slug":"product_visibility","name":"Vizibilitate produs"},"product_cat":{"linked":["<a href=\"https:\/\/xenobg.com\/ro\/produktova-kategoria\/lslabs\/\" class=\"advgb-post-tax-term\">LSLabs-liquid supplements labs<\/a>"],"unlinked":["<span class=\"advgb-post-tax-term\">LSLabs-liquid supplements labs<\/span>"],"slug":"product_cat","name":"Categorii de produse"},"product_tag":{"linked":[],"unlinked":[],"slug":"product_tag","name":"Etichete produs"},"product_shipping_class":{"linked":[],"unlinked":[],"slug":"product_shipping_class","name":"Clase de livrare produse"},"pos_product_visibility":{"linked":[],"unlinked":[],"slug":"pos_product_visibility","name":"Vizibilitate produse \u00een POS"},"pa_color":{"linked":[],"unlinked":[],"slug":"pa_color","name":"color produs"},"pa_size":{"linked":[],"unlinked":[],"slug":"pa_size","name":"size produs"},"woo-feed-brand":{"linked":[],"unlinked":[],"slug":"woo-feed-brand","name":"Brand by CTX Feed"}},"series_order":"","jetpack_sharing_enabled":true,"_links":{"self":[{"href":"https:\/\/xenobg.com\/ro\/wp-json\/wp\/v2\/product\/24868","targetHints":{"allow":["GET"]}}],"collection":[{"href":"https:\/\/xenobg.com\/ro\/wp-json\/wp\/v2\/product"}],"about":[{"href":"https:\/\/xenobg.com\/ro\/wp-json\/wp\/v2\/types\/product"}],"replies":[{"embeddable":true,"href":"https:\/\/xenobg.com\/ro\/wp-json\/wp\/v2\/comments?post=24868"}],"wp:attachment":[{"href":"https:\/\/xenobg.com\/ro\/wp-json\/wp\/v2\/media?parent=24868"}],"wp:term":[{"taxonomy":"product_brand","embeddable":true,"href":"https:\/\/xenobg.com\/ro\/wp-json\/wp\/v2\/product_brand?post=24868"},{"taxonomy":"product_cat","embeddable":true,"href":"https:\/\/xenobg.com\/ro\/wp-json\/wp\/v2\/product_cat?post=24868"},{"taxonomy":"product_tag","embeddable":true,"href":"https:\/\/xenobg.com\/ro\/wp-json\/wp\/v2\/product_tag?post=24868"},{"taxonomy":"woo-feed-brand","embeddable":true,"href":"https:\/\/xenobg.com\/ro\/wp-json\/wp\/v2\/woo-feed-brand?post=24868"}],"curies":[{"name":"wp","href":"https:\/\/api.w.org\/{rel}","templated":true}]}}