{"id":5417,"date":"2017-09-15T00:26:34","date_gmt":"2017-09-14T21:26:34","guid":{"rendered":"https:\/\/xenobg.com\/?post_type=product&#038;p=5417"},"modified":"2026-04-04T11:56:39","modified_gmt":"2026-04-04T08:56:39","slug":"%d0%bd%d0%b0%d1%82%d1%83%d1%80%d0%b0%d0%bb%d0%b5%d0%bd-%d0%b6%d0%b5%d0%bb%d0%b0%d1%82%d0%b8%d0%bd","status":"publish","type":"product","link":"https:\/\/xenobg.com\/ro\/produkt\/%d0%bd%d0%b0%d1%82%d1%83%d1%80%d0%b0%d0%bb%d0%b5%d0%bd-%d0%b6%d0%b5%d0%bb%d0%b0%d1%82%d0%b8%d0%bd\/","title":{"rendered":"Gelatin\u0103 natural\u0103"},"content":{"rendered":"<p><strong>Gelatin\u0103 natural\u0103<\/strong><\/p>\n<p>\u0423\u0441\u043f\u043e\u043a\u043e\u044f\u0432\u0430 \u0441\u0442\u0430\u0432\u043d\u0438\u0442\u0435 \u0431\u043e\u043b\u043a\u0438 \u0438 \u043f\u043e\u0434\u043e\u0431\u0440\u044f\u0432\u0430 \u0433\u044a\u0432\u043a\u0430\u0432\u043e\u0441\u0442\u0442\u0430 \u043d\u0430 \u0441\u0442\u0430\u0432\u0438\u0442\u0435, \u0443\u043a\u0440\u0435\u043f\u0432\u0430 \u043a\u043e\u0441\u0430\u0442\u0430 \u0438 \u043d\u043e\u043a\u0442\u0438\u0442\u0435, \u043f\u043e\u0434\u043e\u0431\u0440\u044f\u0432\u0430 \u0445\u0440\u0430\u043d\u043e\u0441\u043c\u0438\u043b\u0430\u043d\u0435\u0442\u043e, \u0440\u0435\u0433\u0443\u043b\u0438\u0440\u0430 \u0442\u0435\u0433\u043b\u043e\u0442\u043e, \u043f\u043e\u0434\u043e\u0431\u0440\u044f\u0432\u0430 \u0441\u044a\u043d\u044f<\/p>\n<p>\u0421\u044a\u0441\u0442\u043e\u0438 \u0441\u0435 \u0433\u043b\u0430\u0432\u043d\u043e \u043e\u0442 \u043f\u0440\u043e\u0442\u0435\u0438\u043d\u0438, \u0432\u043e\u0434\u0430 \u0438 \u043c\u0438\u043d\u0435\u0440\u0430\u043b\u043d\u0438 \u0441\u043e\u043b\u0438. \u0416\u0435\u043b\u0430\u0442\u0438\u043d\u044a\u0442 \u0435 \u043f\u0440\u0435\u0432\u044a\u0437\u0445\u043e\u0434\u0435\u043d \u043d\u0430\u0442\u0443\u0440\u0430\u043b\u0435\u043d \u0438\u0437\u0442\u043e\u0447\u043d\u0438\u043a \u043d\u0430\u00a0 \u0431\u0435\u043b\u0442\u044a\u043a\u0430 \u043a\u043e\u043b\u0430\u0433\u0435\u043d \u0438 \u0430\u043c\u0438\u043d\u043e\u043a\u0438\u0441\u0435\u043b\u0438\u043d\u0430\u0442\u0430 \u0413\u043b\u0438\u0446\u0438\u043d*<\/p>\n<p>*\u0421\u043f\u043e\u0440\u0435\u0434 \u043f\u043e\u0441\u043b\u0435\u0434\u043d\u0438 \u043f\u0440\u043e\u0443\u0447\u0432\u0430\u043d\u0438\u044f \u0433\u043b\u0438\u0446\u0438\u043d\u044a\u0442 \u0438\u043c\u0430 \u043a\u043b\u044e\u0447\u043e\u0432\u043e \u0437\u043d\u0430\u0447\u0435\u043d\u0438\u0435 \u0437\u0430 \u0440\u0435\u0434\u0438\u0446\u0430 \u0432\u0430\u0436\u043d\u0438 \u043f\u0440\u043e\u0446\u0435\u0441\u0438 \u0432 \u043e\u0440\u0433\u0430\u043d\u0438\u0437\u043c\u0430. \u041f\u043e\u0432\u0435\u0447\u0435 \u0438\u043d\u0444\u043e\u0440\u043c\u0430\u0446\u0438\u044f <a href=\"https:\/\/xenobg.com\/%D0%B3%D0%BB%D0%B8%D1%86%D0%B8%D0%BD-%D0%B0%D0%BD%D0%B0%D0%B1%D0%BE%D0%BB%D0%BD%D0%B8%D1%82%D0%B5-%D0%B8-%D0%B0%D0%BD%D1%82%D0%B8%D0%BA%D0%B0%D1%82%D0%B0%D0%B1%D0%BE%D0%BB%D0%BD%D0%B8%D1%82%D0%B5\/\">\u0422\u0423\u041a<\/a><\/p>\n<p>\u0412\u0441\u0435\u043a\u0438 10\u0433 \u0436\u0435\u043b\u0430\u0442\u0438\u043d \u0441\u044a\u0434\u044a\u0440\u0436\u0430 6 \u0433 \u043f\u0440\u043e\u0442\u0435\u0438\u043d\u0438.<\/p>","protected":false},"excerpt":{"rendered":"<p><strong>\u0421\u044a\u0441\u0442\u0430\u0432:<\/strong> <span class=\"font5\">100% \u043d\u0430\u0442\u0443\u0440\u0430\u043b\u0435\u043d \u0441\u0432\u0438\u043d\u0441\u043a\u0438 \u0436\u0435\u043b\u0430\u0442\u0438\u043d \u043d\u0430 \u043f\u0440\u0430\u0445 \u043e\u0442 \u043a\u043e\u0441\u0442\u0438 \u0438 \u0441\u0442\u0430\u0432\u0438. <\/span><\/p>\n<p>Jelly strength 110 \u00b1 10<\/p>\n<p>Viscosity 2.15 \u00b1 0.20<\/p>\n<p>Moisture &lt; 12<\/p>\n<p>pH 5.3 \u00b1 0.5<\/p>\n<p>\u0423\u0441\u043f\u043e\u043a\u043e\u044f\u0432\u0430 \u0441\u0442\u0430\u0432\u043d\u0438\u0442\u0435 \u0431\u043e\u043b\u043a\u0438 \u0438 \u043f\u043e\u0434\u043e\u0431\u0440\u044f\u0432\u0430 \u0433\u044a\u0432\u043a\u0430\u0432\u043e\u0441\u0442\u0442\u0430 \u043d\u0430 \u0441\u0442\u0430\u0432\u0438\u0442\u0435, \u0443\u043a\u0440\u0435\u043f\u0432\u0430 \u043a\u043e\u0441\u0430\u0442\u0430 \u0438 \u043d\u043e\u043a\u0442\u0438\u0442\u0435, \u043f\u043e\u0434\u043e\u0431\u0440\u044f\u0432\u0430 \u0445\u0440\u0430\u043d\u043e\u0441\u043c\u0438\u043b\u0430\u043d\u0435\u0442\u043e, \u0440\u0435\u0433\u0443\u043b\u0438\u0440\u0430 \u0442\u0435\u0433\u043b\u043e\u0442\u043e, \u043f\u043e\u0434\u043e\u0431\u0440\u044f\u0432\u0430 \u0441\u044a\u043d\u044f.<\/p>\n<p>\u0432\u0441\u0435\u043a\u0438 10\u0433 \u0436\u0435\u043b\u0430\u0442\u0438\u043d \u0441\u0435 \u0441\u044a\u0434\u044a\u0440\u0436\u0430\u0442 \u043f\u043e 6 \u0433 \u043f\u0440\u043e\u0442\u0435\u0438\u043d\u0438.<\/p>","protected":false},"author":1,"featured_media":5418,"comment_status":"open","ping_status":"closed","template":"","meta":{"_et_pb_use_builder":"","_et_pb_old_content":"","_et_gb_content_width":"","advgb_blocks_editor_width":"","advgb_blocks_columns_visual_guide":"","_monsterinsights_skip_tracking":false,"_monsterinsights_sitenote_active":false,"_monsterinsights_sitenote_note":"","_monsterinsights_sitenote_category":0,"_uf_show_specific_survey":0,"_uf_disable_surveys":false,"jetpack_publicize_message":"","jetpack_publicize_feature_enabled":true,"jetpack_social_post_already_shared":false,"jetpack_social_options":{"image_generator_settings":{"template":"highway","default_image_id":0,"font":"","enabled":false},"version":2}},"product_brand":[],"product_cat":[375,359],"product_tag":[376,362,377],"woo-feed-brand":[],"class_list":{"0":"post-5417","1":"product","2":"type-product","3":"status-publish","4":"has-post-thumbnail","6":"product_cat-e-lek","7":"product_cat-zdrave","8":"product_tag-376","9":"product_tag-362","10":"product_tag-377","12":"first","13":"outofstock","14":"taxable","15":"shipping-taxable","16":"purchasable","17":"product-type-variable","18":"has-default-attributes"},"yoast_head":"<!-- This site is optimized with the Yoast SEO plugin v27.3 - https:\/\/yoast.com\/product\/yoast-seo-wordpress\/ -->\n<title>\u041d\u0430\u0442\u0443\u0440\u0430\u043b\u0435\u043d \u0436\u0435\u043b\u0430\u0442\u0438\u043d - \u0437\u0434\u0440\u0430\u0432\u0435, \u0441\u043f\u043e\u0440\u0442, \u043a\u0440\u0430\u0441\u043e\u0442\u0430 \u0438 \u0434\u044a\u043b\u0433\u043e\u043b\u0435\u0442\u0438\u0435<\/title>\n<meta name=\"robots\" content=\"index, follow, max-snippet:-1, max-image-preview:large, max-video-preview:-1\" \/>\n<link rel=\"canonical\" href=\"https:\/\/xenobg.com\/ro\/produs\/\u043d\u0430\u0442\u0443\u0440\u0430\u043b\u0435\u043d-\u0436\u0435\u043b\u0430\u0442\u0438\u043d\/\" \/>\n<meta property=\"og:locale\" content=\"ro_RO\" \/>\n<meta property=\"og:type\" content=\"article\" \/>\n<meta property=\"og:title\" content=\"\u041d\u0430\u0442\u0443\u0440\u0430\u043b\u0435\u043d \u0436\u0435\u043b\u0430\u0442\u0438\u043d - \u0437\u0434\u0440\u0430\u0432\u0435, \u0441\u043f\u043e\u0440\u0442, \u043a\u0440\u0430\u0441\u043e\u0442\u0430 \u0438 \u0434\u044a\u043b\u0433\u043e\u043b\u0435\u0442\u0438\u0435\" \/>\n<meta property=\"og:description\" content=\"\u0421\u044a\u0441\u0442\u0430\u0432: 100% \u043d\u0430\u0442\u0443\u0440\u0430\u043b\u0435\u043d \u0441\u0432\u0438\u043d\u0441\u043a\u0438 \u0436\u0435\u043b\u0430\u0442\u0438\u043d \u043d\u0430 \u043f\u0440\u0430\u0445 \u043e\u0442 \u043a\u043e\u0441\u0442\u0438 \u0438 \u0441\u0442\u0430\u0432\u0438.   Jelly strength 110 \u00b1 10  Viscosity 2.15 \u00b1 0.20  Moisture &lt; 12  pH 5.3 \u00b1 0.5  \u0423\u0441\u043f\u043e\u043a\u043e\u044f\u0432\u0430 \u0441\u0442\u0430\u0432\u043d\u0438\u0442\u0435 \u0431\u043e\u043b\u043a\u0438 \u0438 \u043f\u043e\u0434\u043e\u0431\u0440\u044f\u0432\u0430 \u0433\u044a\u0432\u043a\u0430\u0432\u043e\u0441\u0442\u0442\u0430 \u043d\u0430 \u0441\u0442\u0430\u0432\u0438\u0442\u0435, \u0443\u043a\u0440\u0435\u043f\u0432\u0430 \u043a\u043e\u0441\u0430\u0442\u0430 \u0438 \u043d\u043e\u043a\u0442\u0438\u0442\u0435, \u043f\u043e\u0434\u043e\u0431\u0440\u044f\u0432\u0430 \u0445\u0440\u0430\u043d\u043e\u0441\u043c\u0438\u043b\u0430\u043d\u0435\u0442\u043e, \u0440\u0435\u0433\u0443\u043b\u0438\u0440\u0430 \u0442\u0435\u0433\u043b\u043e\u0442\u043e, \u043f\u043e\u0434\u043e\u0431\u0440\u044f\u0432\u0430 \u0441\u044a\u043d\u044f.  \u0432\u0441\u0435\u043a\u0438 10\u0433 \u0436\u0435\u043b\u0430\u0442\u0438\u043d \u0441\u0435 \u0441\u044a\u0434\u044a\u0440\u0436\u0430\u0442 \u043f\u043e 6 \u0433 \u043f\u0440\u043e\u0442\u0435\u0438\u043d\u0438.\" \/>\n<meta property=\"og:url\" content=\"https:\/\/xenobg.com\/ro\/produs\/\u043d\u0430\u0442\u0443\u0440\u0430\u043b\u0435\u043d-\u0436\u0435\u043b\u0430\u0442\u0438\u043d\/\" \/>\n<meta property=\"og:site_name\" content=\"\u0423\u0441\u0435\u0442\u0438, \u043c\u0438\u0441\u043b\u0438, \u0434\u0435\u0439\u0441\u0442\u0432\u0430\u0439\" \/>\n<meta property=\"article:publisher\" content=\"https:\/\/www.facebook.com\/xenobg\" \/>\n<meta property=\"article:modified_time\" content=\"2026-04-04T08:56:39+00:00\" \/>\n<meta property=\"og:image\" content=\"https:\/\/xenobg.com\/wp-content\/uploads\/2017\/09\/xenobg-eLek_Gelatine_100gr.jpg\" \/>\n\t<meta property=\"og:image:width\" content=\"800\" \/>\n\t<meta property=\"og:image:height\" content=\"1200\" \/>\n\t<meta property=\"og:image:type\" content=\"image\/jpeg\" \/>\n<script type=\"application\/ld+json\" class=\"yoast-schema-graph\">{\"@context\":\"https:\\\/\\\/schema.org\",\"@graph\":[{\"@type\":\"WebPage\",\"@id\":\"https:\\\/\\\/xenobg.com\\\/produkt\\\/%d0%bd%d0%b0%d1%82%d1%83%d1%80%d0%b0%d0%bb%d0%b5%d0%bd-%d0%b6%d0%b5%d0%bb%d0%b0%d1%82%d0%b8%d0%bd\\\/\",\"url\":\"https:\\\/\\\/xenobg.com\\\/produkt\\\/%d0%bd%d0%b0%d1%82%d1%83%d1%80%d0%b0%d0%bb%d0%b5%d0%bd-%d0%b6%d0%b5%d0%bb%d0%b0%d1%82%d0%b8%d0%bd\\\/\",\"name\":\"\u041d\u0430\u0442\u0443\u0440\u0430\u043b\u0435\u043d \u0436\u0435\u043b\u0430\u0442\u0438\u043d - \u0437\u0434\u0440\u0430\u0432\u0435, \u0441\u043f\u043e\u0440\u0442, \u043a\u0440\u0430\u0441\u043e\u0442\u0430 \u0438 \u0434\u044a\u043b\u0433\u043e\u043b\u0435\u0442\u0438\u0435\",\"isPartOf\":{\"@id\":\"https:\\\/\\\/xenobg.com\\\/#website\"},\"primaryImageOfPage\":{\"@id\":\"https:\\\/\\\/xenobg.com\\\/produkt\\\/%d0%bd%d0%b0%d1%82%d1%83%d1%80%d0%b0%d0%bb%d0%b5%d0%bd-%d0%b6%d0%b5%d0%bb%d0%b0%d1%82%d0%b8%d0%bd\\\/#primaryimage\"},\"image\":{\"@id\":\"https:\\\/\\\/xenobg.com\\\/produkt\\\/%d0%bd%d0%b0%d1%82%d1%83%d1%80%d0%b0%d0%bb%d0%b5%d0%bd-%d0%b6%d0%b5%d0%bb%d0%b0%d1%82%d0%b8%d0%bd\\\/#primaryimage\"},\"thumbnailUrl\":\"https:\\\/\\\/xenobg.com\\\/wp-content\\\/uploads\\\/2017\\\/09\\\/xenobg-eLek_Gelatine_100gr.jpg\",\"datePublished\":\"2017-09-14T21:26:34+00:00\",\"dateModified\":\"2026-04-04T08:56:39+00:00\",\"breadcrumb\":{\"@id\":\"https:\\\/\\\/xenobg.com\\\/produkt\\\/%d0%bd%d0%b0%d1%82%d1%83%d1%80%d0%b0%d0%bb%d0%b5%d0%bd-%d0%b6%d0%b5%d0%bb%d0%b0%d1%82%d0%b8%d0%bd\\\/#breadcrumb\"},\"inLanguage\":\"ro-RO\",\"potentialAction\":[{\"@type\":\"ReadAction\",\"target\":[\"https:\\\/\\\/xenobg.com\\\/produkt\\\/%d0%bd%d0%b0%d1%82%d1%83%d1%80%d0%b0%d0%bb%d0%b5%d0%bd-%d0%b6%d0%b5%d0%bb%d0%b0%d1%82%d0%b8%d0%bd\\\/\"]}]},{\"@type\":\"ImageObject\",\"inLanguage\":\"ro-RO\",\"@id\":\"https:\\\/\\\/xenobg.com\\\/produkt\\\/%d0%bd%d0%b0%d1%82%d1%83%d1%80%d0%b0%d0%bb%d0%b5%d0%bd-%d0%b6%d0%b5%d0%bb%d0%b0%d1%82%d0%b8%d0%bd\\\/#primaryimage\",\"url\":\"https:\\\/\\\/xenobg.com\\\/wp-content\\\/uploads\\\/2017\\\/09\\\/xenobg-eLek_Gelatine_100gr.jpg\",\"contentUrl\":\"https:\\\/\\\/xenobg.com\\\/wp-content\\\/uploads\\\/2017\\\/09\\\/xenobg-eLek_Gelatine_100gr.jpg\",\"width\":800,\"height\":1200,\"caption\":\"\u041d\u0430\u0442\u0443\u0440\u0430\u043b\u0435\u043d \u0436\u0435\u043b\u0430\u0442\u0438\u043d ,\u0441\u0432\u0438\u043d\u043a\u0438\"},{\"@type\":\"BreadcrumbList\",\"@id\":\"https:\\\/\\\/xenobg.com\\\/produkt\\\/%d0%bd%d0%b0%d1%82%d1%83%d1%80%d0%b0%d0%bb%d0%b5%d0%bd-%d0%b6%d0%b5%d0%bb%d0%b0%d1%82%d0%b8%d0%bd\\\/#breadcrumb\",\"itemListElement\":[{\"@type\":\"ListItem\",\"position\":1,\"name\":\"\u041d\u0430\u0447\u0430\u043b\u043e\",\"item\":\"https:\\\/\\\/xenobg.com\\\/\"},{\"@type\":\"ListItem\",\"position\":2,\"name\":\"\u041c\u0430\u0433\u0430\u0437\u0438\u043d\",\"item\":\"https:\\\/\\\/xenobg.com\\\/magazin\\\/\"},{\"@type\":\"ListItem\",\"position\":3,\"name\":\"\u041d\u0430\u0442\u0443\u0440\u0430\u043b\u0435\u043d \u0436\u0435\u043b\u0430\u0442\u0438\u043d\"}]},{\"@type\":\"WebSite\",\"@id\":\"https:\\\/\\\/xenobg.com\\\/#website\",\"url\":\"https:\\\/\\\/xenobg.com\\\/\",\"name\":\"\u0423\u0441\u0435\u0442\u0438, \u043c\u0438\u0441\u043b\u0438, \u0434\u0435\u0439\u0441\u0442\u0432\u0430\u0439\",\"description\":\"\u0423\u0441\u0435\u0442\u0438, \u043c\u0438\u0441\u043b\u0438, \u0434\u0435\u0439\u0441\u0442\u0432\u0430\u0439 \u0441 \u0412\u0435\u0441\u0435\u043b\u0438\u043d \u0438 IdeaLabs \u0438 LSlabs\",\"potentialAction\":[{\"@type\":\"SearchAction\",\"target\":{\"@type\":\"EntryPoint\",\"urlTemplate\":\"https:\\\/\\\/xenobg.com\\\/?s={search_term_string}\"},\"query-input\":{\"@type\":\"PropertyValueSpecification\",\"valueRequired\":true,\"valueName\":\"search_term_string\"}}],\"inLanguage\":\"ro-RO\"}]}<\/script>\n<!-- \/ Yoast SEO plugin. -->","yoast_head_json":{"title":"\u041d\u0430\u0442\u0443\u0440\u0430\u043b\u0435\u043d \u0436\u0435\u043b\u0430\u0442\u0438\u043d - \u0437\u0434\u0440\u0430\u0432\u0435, \u0441\u043f\u043e\u0440\u0442, \u043a\u0440\u0430\u0441\u043e\u0442\u0430 \u0438 \u0434\u044a\u043b\u0433\u043e\u043b\u0435\u0442\u0438\u0435","robots":{"index":"index","follow":"follow","max-snippet":"max-snippet:-1","max-image-preview":"max-image-preview:large","max-video-preview":"max-video-preview:-1"},"canonical":"https:\/\/xenobg.com\/ro\/produs\/\u043d\u0430\u0442\u0443\u0440\u0430\u043b\u0435\u043d-\u0436\u0435\u043b\u0430\u0442\u0438\u043d\/","og_locale":"ro_RO","og_type":"article","og_title":"\u041d\u0430\u0442\u0443\u0440\u0430\u043b\u0435\u043d \u0436\u0435\u043b\u0430\u0442\u0438\u043d - \u0437\u0434\u0440\u0430\u0432\u0435, \u0441\u043f\u043e\u0440\u0442, \u043a\u0440\u0430\u0441\u043e\u0442\u0430 \u0438 \u0434\u044a\u043b\u0433\u043e\u043b\u0435\u0442\u0438\u0435","og_description":"\u0421\u044a\u0441\u0442\u0430\u0432: 100% \u043d\u0430\u0442\u0443\u0440\u0430\u043b\u0435\u043d \u0441\u0432\u0438\u043d\u0441\u043a\u0438 \u0436\u0435\u043b\u0430\u0442\u0438\u043d \u043d\u0430 \u043f\u0440\u0430\u0445 \u043e\u0442 \u043a\u043e\u0441\u0442\u0438 \u0438 \u0441\u0442\u0430\u0432\u0438.   Jelly strength 110 \u00b1 10  Viscosity 2.15 \u00b1 0.20  Moisture &lt; 12  pH 5.3 \u00b1 0.5  \u0423\u0441\u043f\u043e\u043a\u043e\u044f\u0432\u0430 \u0441\u0442\u0430\u0432\u043d\u0438\u0442\u0435 \u0431\u043e\u043b\u043a\u0438 \u0438 \u043f\u043e\u0434\u043e\u0431\u0440\u044f\u0432\u0430 \u0433\u044a\u0432\u043a\u0430\u0432\u043e\u0441\u0442\u0442\u0430 \u043d\u0430 \u0441\u0442\u0430\u0432\u0438\u0442\u0435, \u0443\u043a\u0440\u0435\u043f\u0432\u0430 \u043a\u043e\u0441\u0430\u0442\u0430 \u0438 \u043d\u043e\u043a\u0442\u0438\u0442\u0435, \u043f\u043e\u0434\u043e\u0431\u0440\u044f\u0432\u0430 \u0445\u0440\u0430\u043d\u043e\u0441\u043c\u0438\u043b\u0430\u043d\u0435\u0442\u043e, \u0440\u0435\u0433\u0443\u043b\u0438\u0440\u0430 \u0442\u0435\u0433\u043b\u043e\u0442\u043e, \u043f\u043e\u0434\u043e\u0431\u0440\u044f\u0432\u0430 \u0441\u044a\u043d\u044f.  \u0432\u0441\u0435\u043a\u0438 10\u0433 \u0436\u0435\u043b\u0430\u0442\u0438\u043d \u0441\u0435 \u0441\u044a\u0434\u044a\u0440\u0436\u0430\u0442 \u043f\u043e 6 \u0433 \u043f\u0440\u043e\u0442\u0435\u0438\u043d\u0438.","og_url":"https:\/\/xenobg.com\/ro\/produs\/\u043d\u0430\u0442\u0443\u0440\u0430\u043b\u0435\u043d-\u0436\u0435\u043b\u0430\u0442\u0438\u043d\/","og_site_name":"\u0423\u0441\u0435\u0442\u0438, \u043c\u0438\u0441\u043b\u0438, \u0434\u0435\u0439\u0441\u0442\u0432\u0430\u0439","article_publisher":"https:\/\/www.facebook.com\/xenobg","article_modified_time":"2026-04-04T08:56:39+00:00","og_image":[{"width":800,"height":1200,"url":"https:\/\/xenobg.com\/wp-content\/uploads\/2017\/09\/xenobg-eLek_Gelatine_100gr.jpg","type":"image\/jpeg"}],"schema":{"@context":"https:\/\/schema.org","@graph":[{"@type":"WebPage","@id":"https:\/\/xenobg.com\/produkt\/%d0%bd%d0%b0%d1%82%d1%83%d1%80%d0%b0%d0%bb%d0%b5%d0%bd-%d0%b6%d0%b5%d0%bb%d0%b0%d1%82%d0%b8%d0%bd\/","url":"https:\/\/xenobg.com\/produkt\/%d0%bd%d0%b0%d1%82%d1%83%d1%80%d0%b0%d0%bb%d0%b5%d0%bd-%d0%b6%d0%b5%d0%bb%d0%b0%d1%82%d0%b8%d0%bd\/","name":"\u041d\u0430\u0442\u0443\u0440\u0430\u043b\u0435\u043d \u0436\u0435\u043b\u0430\u0442\u0438\u043d - \u0437\u0434\u0440\u0430\u0432\u0435, \u0441\u043f\u043e\u0440\u0442, \u043a\u0440\u0430\u0441\u043e\u0442\u0430 \u0438 \u0434\u044a\u043b\u0433\u043e\u043b\u0435\u0442\u0438\u0435","isPartOf":{"@id":"https:\/\/xenobg.com\/#website"},"primaryImageOfPage":{"@id":"https:\/\/xenobg.com\/produkt\/%d0%bd%d0%b0%d1%82%d1%83%d1%80%d0%b0%d0%bb%d0%b5%d0%bd-%d0%b6%d0%b5%d0%bb%d0%b0%d1%82%d0%b8%d0%bd\/#primaryimage"},"image":{"@id":"https:\/\/xenobg.com\/produkt\/%d0%bd%d0%b0%d1%82%d1%83%d1%80%d0%b0%d0%bb%d0%b5%d0%bd-%d0%b6%d0%b5%d0%bb%d0%b0%d1%82%d0%b8%d0%bd\/#primaryimage"},"thumbnailUrl":"https:\/\/xenobg.com\/wp-content\/uploads\/2017\/09\/xenobg-eLek_Gelatine_100gr.jpg","datePublished":"2017-09-14T21:26:34+00:00","dateModified":"2026-04-04T08:56:39+00:00","breadcrumb":{"@id":"https:\/\/xenobg.com\/produkt\/%d0%bd%d0%b0%d1%82%d1%83%d1%80%d0%b0%d0%bb%d0%b5%d0%bd-%d0%b6%d0%b5%d0%bb%d0%b0%d1%82%d0%b8%d0%bd\/#breadcrumb"},"inLanguage":"ro-RO","potentialAction":[{"@type":"ReadAction","target":["https:\/\/xenobg.com\/produkt\/%d0%bd%d0%b0%d1%82%d1%83%d1%80%d0%b0%d0%bb%d0%b5%d0%bd-%d0%b6%d0%b5%d0%bb%d0%b0%d1%82%d0%b8%d0%bd\/"]}]},{"@type":"ImageObject","inLanguage":"ro-RO","@id":"https:\/\/xenobg.com\/produkt\/%d0%bd%d0%b0%d1%82%d1%83%d1%80%d0%b0%d0%bb%d0%b5%d0%bd-%d0%b6%d0%b5%d0%bb%d0%b0%d1%82%d0%b8%d0%bd\/#primaryimage","url":"https:\/\/xenobg.com\/wp-content\/uploads\/2017\/09\/xenobg-eLek_Gelatine_100gr.jpg","contentUrl":"https:\/\/xenobg.com\/wp-content\/uploads\/2017\/09\/xenobg-eLek_Gelatine_100gr.jpg","width":800,"height":1200,"caption":"\u041d\u0430\u0442\u0443\u0440\u0430\u043b\u0435\u043d \u0436\u0435\u043b\u0430\u0442\u0438\u043d ,\u0441\u0432\u0438\u043d\u043a\u0438"},{"@type":"BreadcrumbList","@id":"https:\/\/xenobg.com\/produkt\/%d0%bd%d0%b0%d1%82%d1%83%d1%80%d0%b0%d0%bb%d0%b5%d0%bd-%d0%b6%d0%b5%d0%bb%d0%b0%d1%82%d0%b8%d0%bd\/#breadcrumb","itemListElement":[{"@type":"ListItem","position":1,"name":"\u041d\u0430\u0447\u0430\u043b\u043e","item":"https:\/\/xenobg.com\/"},{"@type":"ListItem","position":2,"name":"\u041c\u0430\u0433\u0430\u0437\u0438\u043d","item":"https:\/\/xenobg.com\/magazin\/"},{"@type":"ListItem","position":3,"name":"\u041d\u0430\u0442\u0443\u0440\u0430\u043b\u0435\u043d \u0436\u0435\u043b\u0430\u0442\u0438\u043d"}]},{"@type":"WebSite","@id":"https:\/\/xenobg.com\/#website","url":"https:\/\/xenobg.com\/","name":"Sim\u021bi\u021bi, g\u00e2ndi\u021bi, ac\u021biona\u021bi","description":"Simte, g\u00e2nde\u0219te, ac\u021bioneaz\u0103 cu Veselin \u0219i IdeaLabs \u0219i LSlabs","potentialAction":[{"@type":"SearchAction","target":{"@type":"EntryPoint","urlTemplate":"https:\/\/xenobg.com\/?s={search_term_string}"},"query-input":{"@type":"PropertyValueSpecification","valueRequired":true,"valueName":"search_term_string"}}],"inLanguage":"ro-RO"}]}},"jetpack_publicize_connections":[],"featured_img":"https:\/\/xenobg.com\/wp-content\/uploads\/2017\/09\/xenobg-eLek_Gelatine_100gr-100x100.jpg","coauthors":[],"author_meta":{"author_link":"https:\/\/xenobg.com\/ro\/author\/xenobg\/","display_name":"\u0425\u0430\u0439\u0434\u0443\u0442\u0438\u043d"},"relative_dates":{"created":"Posted 9 ani ago","modified":"Updated 13 ore ago"},"absolute_dates":{"created":"Posted on 15.09.2017","modified":"Updated on 04.04.2026"},"absolute_dates_time":{"created":"Posted on 15.09.2017 12:26 am","modified":"Updated on 04.04.2026 11:56 am"},"featured_img_caption":"","tax_additional":{"product_brand":{"linked":[],"unlinked":[],"slug":"product_brand","name":"Branduri"},"product_type":{"linked":["<a href=\"https:\/\/xenobg.com\/ro\/?taxonomy=product_type&#038;term=variable\" class=\"advgb-post-tax-term\">variable<\/a>"],"unlinked":["<span class=\"advgb-post-tax-term\">variable<\/span>"],"slug":"product_type","name":"Tip de produs"},"product_visibility":{"linked":["<a href=\"https:\/\/xenobg.com\/ro\/?taxonomy=product_visibility&#038;term=exclude-from-catalog\" class=\"advgb-post-tax-term\">exclude-from-catalog<\/a>","<a href=\"https:\/\/xenobg.com\/ro\/?taxonomy=product_visibility&#038;term=outofstock\" class=\"advgb-post-tax-term\">outofstock<\/a>","<a href=\"https:\/\/xenobg.com\/ro\/?taxonomy=product_visibility&#038;term=rated-5\" class=\"advgb-post-tax-term\">rated-5<\/a>"],"unlinked":["<span class=\"advgb-post-tax-term\">exclude-from-catalog<\/span>","<span class=\"advgb-post-tax-term\">outofstock<\/span>","<span class=\"advgb-post-tax-term\">rated-5<\/span>"],"slug":"product_visibility","name":"Vizibilitate produs"},"product_cat":{"linked":["<a href=\"https:\/\/xenobg.com\/ro\/produktova-kategoria\/e-lek\/\" class=\"advgb-post-tax-term\">\u0435-\u043b\u0435\u043a<\/a>","<a href=\"https:\/\/xenobg.com\/ro\/produktova-kategoria\/zdrave\/\" class=\"advgb-post-tax-term\">\u041f\u0420\u041e\u0414\u0423\u041a\u0422\u0418 \u0417\u0410 \u0417\u0414\u0420\u0410\u0412\u0415<\/a>"],"unlinked":["<span class=\"advgb-post-tax-term\">\u0435-\u043b\u0435\u043a<\/span>","<span class=\"advgb-post-tax-term\">\u041f\u0420\u041e\u0414\u0423\u041a\u0422\u0418 \u0417\u0410 \u0417\u0414\u0420\u0410\u0412\u0415<\/span>"],"slug":"product_cat","name":"Categorii de produse"},"product_tag":{"linked":["<a href=\"https:\/\/xenobg.com\/ro\/produktov-etiket\/%d0%b6%d0%b5%d0%bb%d0%b0%d1%82%d0%b8%d0%bd\/\" class=\"advgb-post-tax-term\">\u0436\u0435\u043b\u0430\u0442\u0438\u043d<\/a>","<a href=\"https:\/\/xenobg.com\/ro\/produktov-etiket\/%d0%b7%d0%b4%d1%80%d0%b0%d0%b2%d0%b5\/\" class=\"advgb-post-tax-term\">\u0437\u0434\u0440\u0430\u0432\u0435<\/a>","<a href=\"https:\/\/xenobg.com\/ro\/produktov-etiket\/%d0%bd%d1%82%d1%83%d1%80%d0%b0%d0%bb%d0%b5%d0%bd-%d0%b6%d0%b5%d0%bb%d0%b0%d1%82%d0%b8%d0%bd\/\" class=\"advgb-post-tax-term\">\u043d\u0442\u0443\u0440\u0430\u043b\u0435\u043d \u0436\u0435\u043b\u0430\u0442\u0438\u043d<\/a>"],"unlinked":["<span class=\"advgb-post-tax-term\">\u0436\u0435\u043b\u0430\u0442\u0438\u043d<\/span>","<span class=\"advgb-post-tax-term\">\u0437\u0434\u0440\u0430\u0432\u0435<\/span>","<span class=\"advgb-post-tax-term\">\u043d\u0442\u0443\u0440\u0430\u043b\u0435\u043d \u0436\u0435\u043b\u0430\u0442\u0438\u043d<\/span>"],"slug":"product_tag","name":"Etichete produs"},"product_shipping_class":{"linked":[],"unlinked":[],"slug":"product_shipping_class","name":"Clase de livrare produse"},"pos_product_visibility":{"linked":[],"unlinked":[],"slug":"pos_product_visibility","name":"Vizibilitate produse \u00een POS"},"pa_color":{"linked":[],"unlinked":[],"slug":"pa_color","name":"color produs"},"pa_size":{"linked":["<a href=\"https:\/\/xenobg.com\/ro\/?taxonomy=pa_size&#038;term=100%d0%b3%d1%80\" class=\"advgb-post-tax-term\">100\u0433\u0440.<\/a>","<a href=\"https:\/\/xenobg.com\/ro\/?taxonomy=pa_size&#038;term=500%d0%b3%d1%80\" class=\"advgb-post-tax-term\">500\u0433\u0440.<\/a>"],"unlinked":["<span class=\"advgb-post-tax-term\">100\u0433\u0440.<\/span>","<span class=\"advgb-post-tax-term\">500\u0433\u0440.<\/span>"],"slug":"pa_size","name":"size produs"},"woo-feed-brand":{"linked":[],"unlinked":[],"slug":"woo-feed-brand","name":"Brand by CTX Feed"}},"series_order":"","jetpack_sharing_enabled":true,"_links":{"self":[{"href":"https:\/\/xenobg.com\/ro\/wp-json\/wp\/v2\/product\/5417","targetHints":{"allow":["GET"]}}],"collection":[{"href":"https:\/\/xenobg.com\/ro\/wp-json\/wp\/v2\/product"}],"about":[{"href":"https:\/\/xenobg.com\/ro\/wp-json\/wp\/v2\/types\/product"}],"replies":[{"embeddable":true,"href":"https:\/\/xenobg.com\/ro\/wp-json\/wp\/v2\/comments?post=5417"}],"wp:featuredmedia":[{"embeddable":true,"href":"https:\/\/xenobg.com\/ro\/wp-json\/wp\/v2\/media\/5418"}],"wp:attachment":[{"href":"https:\/\/xenobg.com\/ro\/wp-json\/wp\/v2\/media?parent=5417"}],"wp:term":[{"taxonomy":"product_brand","embeddable":true,"href":"https:\/\/xenobg.com\/ro\/wp-json\/wp\/v2\/product_brand?post=5417"},{"taxonomy":"product_cat","embeddable":true,"href":"https:\/\/xenobg.com\/ro\/wp-json\/wp\/v2\/product_cat?post=5417"},{"taxonomy":"product_tag","embeddable":true,"href":"https:\/\/xenobg.com\/ro\/wp-json\/wp\/v2\/product_tag?post=5417"},{"taxonomy":"woo-feed-brand","embeddable":true,"href":"https:\/\/xenobg.com\/ro\/wp-json\/wp\/v2\/woo-feed-brand?post=5417"}],"curies":[{"name":"wp","href":"https:\/\/api.w.org\/{rel}","templated":true}]}}