{"id":5656,"date":"2017-10-07T14:34:27","date_gmt":"2017-10-07T11:34:27","guid":{"rendered":"https:\/\/xenobg.com\/?post_type=product&#038;p=5656"},"modified":"2026-01-05T13:45:02","modified_gmt":"2026-01-05T11:45:02","slug":"melanon-%d0%b7%d0%b0-%d0%b7%d0%b4%d1%80%d0%b0%d0%b2%d0%b0-%d0%b8-%d0%ba%d1%80%d0%b0%d1%81%d0%b8%d0%b2%d0%b0-%d0%ba%d0%be%d0%b6%d0%b0","status":"publish","type":"product","link":"https:\/\/xenobg.com\/ro\/produkt\/melanon-%d0%b7%d0%b0-%d0%b7%d0%b4%d1%80%d0%b0%d0%b2%d0%b0-%d0%b8-%d0%ba%d1%80%d0%b0%d1%81%d0%b8%d0%b2%d0%b0-%d0%ba%d0%be%d0%b6%d0%b0\/","title":{"rendered":"MelaNon &#8211; \u0437\u0430 \u0437\u0434\u0440\u0430\u0432\u0430 \u0438 \u043a\u0440\u0430\u0441\u0438\u0432\u0430 \u043a\u043e\u0436\u0430"},"content":{"rendered":"<p>MelaNon &#8211; \u0437\u0430 \u0437\u0434\u0440\u0430\u0432\u0430 \u0438 \u043a\u0440\u0430\u0441\u0438\u0432\u0430 \u043a\u043e\u0436\u0430<\/p>\n<p>\u0421\u044a\u0434\u044a\u0440\u0436\u0430 \u0446\u0438\u0442\u0440\u0443\u0441\u043e\u0432\u0438\u044f \u0444\u043b\u0430\u0432\u0430\u043d\u043e\u0438\u0434 \u043d\u0430\u0440\u0430\u043d\u0435\u043d\u0438\u043d \u0438 \u0444\u043b\u0430\u0432\u043e\u043d\u044a\u0442 \u0430\u043f\u0438\u0433\u0435\u043d\u0438\u043d, \u043a\u043e\u0439\u0442\u043e \u043d\u0430\u0439-\u0447\u0435\u0441\u0442\u043e \u0441\u0435 \u043e\u0442\u043a\u0440\u0438\u0432\u0430 \u0432 \u043b\u0430\u0439\u043a\u0430\u0442\u0430. MelaNon \u0441\u044a\u0434\u044a\u0440\u0436\u0430 \u043e\u0449\u0435 \u043a\u043e\u0444\u0435\u0438\u043d, \u043a\u043e\u0439\u0442\u043e \u043a\u043e\u043d\u0442\u0440\u043e\u043b\u0438\u0440\u0430 \u0435\u0441\u0442\u0440\u043e\u0433\u0435\u043d\u0430 \u0438 \u0441\u0435 \u0433\u0440\u0438\u0436\u0438 \u0437\u0430 \u0437\u0434\u0440\u0430\u0432\u0435\u0442\u043e \u043d\u0430 \u043a\u043e\u0436\u0430\u0442\u0430.<\/p>\n<p>MelaNon \u0435 \u043f\u0440\u0435\u0434\u043d\u0430\u0437\u043d\u0430\u0447\u0435\u043d \u0435\u0434\u0438\u043d\u0441\u0442\u0432\u0435\u043d\u043e \u0437\u0430 \u0432\u044a\u043d\u0448\u043d\u0430 (\u0442\u0440\u0430\u043d\u0441\u0434\u0435\u0440\u043c\u0430\u043b\u043d\u0430) \u0443\u043f\u043e\u0442\u0440\u0435\u0431\u0430.<\/p>\n<p>\u0414\u043e\u043f\u044a\u043b\u043d\u0438\u0442\u0435\u043b\u043d\u0430 \u0438\u043d\u0444\u043e\u0440\u043c\u0430\u0446\u0438\u044f:<\/p>\n<p><a href=\"https:\/\/raypeatforum.com\/community\/threads\/melanon-dietary-supplement-for-skin-spots-moles-etc.8473\/\">https:\/\/raypeatforum.com\/community\/threads\/melanon-dietary-supplement-for-skin-spots-moles-etc.8473\/<\/a><\/p>\n<p>\u0421\u0442\u0440\u0430\u043d\u0438\u0446\u0430 \u043d\u0430 \u043f\u0440\u043e\u0438\u0437\u0432\u043e\u0434\u0438\u0442\u0435\u043b\u044f:<\/p>\n<p><a href=\"http:\/\/www.idealabsdc.com\/\">http:\/\/www.idealabsdc.com\/<\/a><\/p>","protected":false},"excerpt":{"rendered":"<p>\u041b\u0430\u0431\u043e\u0440\u0430\u0442\u043e\u0440\u0438\u044f <strong>IdeaLabs<\/strong><\/p>\n<p>\u041f\u0440\u0435\u043f\u043e\u0440\u044a\u0447\u0438\u0442\u0435\u043b\u043d\u0430 \u0434\u043e\u0437\u0430: 8 \u043a\u0430\u043f\u043a\u0438<\/p>\n<p>30 \u0434\u043e\u0437\u0438 \u0432 \u043e\u043f\u0430\u043a\u043e\u0432\u043a\u0430<\/p>\n<p>\u0412\u0441\u044f\u043a\u0430 \u0434\u043e\u0437\u0430 \u0441\u044a\u0434\u044a\u0440\u0436\u0430:<\/p>\n<p>Caffeine &#8211; 3mg<br \/>\nApigenin &#8211; 3mg<br \/>\nNaringenin &#8211; 3mg<\/p>\n<p>\u041f\u043e\u043c\u043e\u0449\u043d\u0438 \u0432\u0435\u0449\u0435\u0441\u0442\u0432\u0430: DMSO, ethanol.<\/p>","protected":false},"author":1,"featured_media":9566,"comment_status":"open","ping_status":"closed","template":"","meta":{"_et_pb_use_builder":"","_et_pb_old_content":"","_et_gb_content_width":"","advgb_blocks_editor_width":"","advgb_blocks_columns_visual_guide":"","_monsterinsights_skip_tracking":false,"_monsterinsights_sitenote_active":false,"_monsterinsights_sitenote_note":"","_monsterinsights_sitenote_category":0,"_uf_show_specific_survey":0,"_uf_disable_surveys":false,"jetpack_publicize_message":"","jetpack_publicize_feature_enabled":true,"jetpack_social_post_already_shared":false,"jetpack_social_options":{"image_generator_settings":{"template":"highway","default_image_id":0,"font":"","enabled":false},"version":2}},"product_brand":[],"product_cat":[182,359],"product_tag":[189,431,433,436,434,371,435,437,432],"woo-feed-brand":[],"class_list":{"0":"post-5656","1":"product","2":"type-product","3":"status-publish","4":"has-post-thumbnail","6":"product_cat-idealabsdc","7":"product_cat-zdrave","8":"product_tag-idealabs","9":"product_tag-melanon","10":"product_tag-433","11":"product_tag-436","12":"product_tag-434","13":"product_tag-371","14":"product_tag-435","15":"product_tag-437","16":"product_tag-432","18":"first","19":"outofstock","20":"taxable","21":"shipping-taxable","22":"purchasable","23":"product-type-simple"},"yoast_head":"<!-- This site is optimized with the Yoast SEO plugin v27.6 - https:\/\/yoast.com\/product\/yoast-seo-wordpress\/ -->\n<title>MelaNon - \u0437\u0430 \u0437\u0434\u0440\u0430\u0432\u0430 \u0438 \u043a\u0440\u0430\u0441\u0438\u0432\u0430 \u043a\u043e\u0436\u0430 - \u0423\u0441\u0435\u0442\u0438, \u043c\u0438\u0441\u043b\u0438, \u0434\u0435\u0439\u0441\u0442\u0432\u0430\u0439<\/title>\n<meta name=\"description\" content=\"MelaNon - \u0437\u0430 \u0437\u0434\u0440\u0430\u0432\u0430 \u0438 \u043a\u0440\u0430\u0441\u0438\u0432\u0430 \u043a\u043e\u0436\u0430 \u0421\u044a\u0434\u044a\u0440\u0436\u0430 \u0446\u0438\u0442\u0440\u0443\u0441\u043e\u0432\u0438\u044f \u0444\u043b\u0430\u0432\u0430\u043d\u043e\u0438\u0434 \u043d\u0430\u0440\u0430\u043d\u0435\u043d\u0438\u043d \u0438 \u0444\u043b\u0430\u0432\u043e\u043d\u044a\u0442 \u0430\u043f\u0438\u0433\u0435\u043d\u0438\u043d, \u043a\u043e\u0439\u0442\u043e \u043d\u0430\u0439-\u0447\u0435\u0441\u0442\u043e \u0441\u0435 \u043e\u0442\u043a\u0440\u0438\u0432\u0430 \u0432 \u043b\u0430\u0439\u043a\u0430\u0442\u0430. MelaNo\" \/>\n<meta name=\"robots\" content=\"index, follow, max-snippet:-1, max-image-preview:large, max-video-preview:-1\" \/>\n<link rel=\"canonical\" href=\"https:\/\/xenobg.com\/ro\/produs\/melanon-\u0437\u0430-\u0437\u0434\u0440\u0430\u0432\u0430-\u0438-\u043a\u0440\u0430\u0441\u0438\u0432\u0430-\u043a\u043e\u0436\u0430\/\" \/>\n<meta property=\"og:locale\" content=\"ro_RO\" \/>\n<meta property=\"og:type\" content=\"article\" \/>\n<meta property=\"og:title\" content=\"MelaNon - \u0437\u0430 \u0437\u0434\u0440\u0430\u0432\u0430 \u0438 \u043a\u0440\u0430\u0441\u0438\u0432\u0430 \u043a\u043e\u0436\u0430 - \u0423\u0441\u0435\u0442\u0438, \u043c\u0438\u0441\u043b\u0438, \u0434\u0435\u0439\u0441\u0442\u0432\u0430\u0439\" \/>\n<meta property=\"og:description\" content=\"MelaNon - \u0437\u0430 \u0437\u0434\u0440\u0430\u0432\u0430 \u0438 \u043a\u0440\u0430\u0441\u0438\u0432\u0430 \u043a\u043e\u0436\u0430 \u0421\u044a\u0434\u044a\u0440\u0436\u0430 \u0446\u0438\u0442\u0440\u0443\u0441\u043e\u0432\u0438\u044f \u0444\u043b\u0430\u0432\u0430\u043d\u043e\u0438\u0434 \u043d\u0430\u0440\u0430\u043d\u0435\u043d\u0438\u043d \u0438 \u0444\u043b\u0430\u0432\u043e\u043d\u044a\u0442 \u0430\u043f\u0438\u0433\u0435\u043d\u0438\u043d, \u043a\u043e\u0439\u0442\u043e \u043d\u0430\u0439-\u0447\u0435\u0441\u0442\u043e \u0441\u0435 \u043e\u0442\u043a\u0440\u0438\u0432\u0430 \u0432 \u043b\u0430\u0439\u043a\u0430\u0442\u0430. MelaNo\" \/>\n<meta property=\"og:url\" content=\"https:\/\/xenobg.com\/ro\/produs\/melanon-\u0437\u0430-\u0437\u0434\u0440\u0430\u0432\u0430-\u0438-\u043a\u0440\u0430\u0441\u0438\u0432\u0430-\u043a\u043e\u0436\u0430\/\" \/>\n<meta property=\"og:site_name\" content=\"\u0423\u0441\u0435\u0442\u0438, \u043c\u0438\u0441\u043b\u0438, \u0434\u0435\u0439\u0441\u0442\u0432\u0430\u0439\" \/>\n<meta property=\"article:publisher\" content=\"https:\/\/www.facebook.com\/xenobg\" \/>\n<meta property=\"article:modified_time\" content=\"2026-01-05T11:45:02+00:00\" \/>\n<meta property=\"og:image\" content=\"https:\/\/xenobg.com\/wp-content\/uploads\/2017\/10\/MelaNon-web-800x800-idealabs-xenobg.jpg\" \/>\n\t<meta property=\"og:image:width\" content=\"1000\" \/>\n\t<meta property=\"og:image:height\" content=\"1000\" \/>\n\t<meta property=\"og:image:type\" content=\"image\/jpeg\" \/>\n<script type=\"application\/ld+json\" class=\"yoast-schema-graph\">{\"@context\":\"https:\\\/\\\/schema.org\",\"@graph\":[{\"@type\":\"WebPage\",\"@id\":\"https:\\\/\\\/xenobg.com\\\/produkt\\\/melanon-%d0%b7%d0%b0-%d0%b7%d0%b4%d1%80%d0%b0%d0%b2%d0%b0-%d0%b8-%d0%ba%d1%80%d0%b0%d1%81%d0%b8%d0%b2%d0%b0-%d0%ba%d0%be%d0%b6%d0%b0\\\/\",\"url\":\"https:\\\/\\\/xenobg.com\\\/produkt\\\/melanon-%d0%b7%d0%b0-%d0%b7%d0%b4%d1%80%d0%b0%d0%b2%d0%b0-%d0%b8-%d0%ba%d1%80%d0%b0%d1%81%d0%b8%d0%b2%d0%b0-%d0%ba%d0%be%d0%b6%d0%b0\\\/\",\"name\":\"MelaNon - \u0437\u0430 \u0437\u0434\u0440\u0430\u0432\u0430 \u0438 \u043a\u0440\u0430\u0441\u0438\u0432\u0430 \u043a\u043e\u0436\u0430 - \u0423\u0441\u0435\u0442\u0438, \u043c\u0438\u0441\u043b\u0438, \u0434\u0435\u0439\u0441\u0442\u0432\u0430\u0439\",\"isPartOf\":{\"@id\":\"https:\\\/\\\/xenobg.com\\\/#website\"},\"primaryImageOfPage\":{\"@id\":\"https:\\\/\\\/xenobg.com\\\/produkt\\\/melanon-%d0%b7%d0%b0-%d0%b7%d0%b4%d1%80%d0%b0%d0%b2%d0%b0-%d0%b8-%d0%ba%d1%80%d0%b0%d1%81%d0%b8%d0%b2%d0%b0-%d0%ba%d0%be%d0%b6%d0%b0\\\/#primaryimage\"},\"image\":{\"@id\":\"https:\\\/\\\/xenobg.com\\\/produkt\\\/melanon-%d0%b7%d0%b0-%d0%b7%d0%b4%d1%80%d0%b0%d0%b2%d0%b0-%d0%b8-%d0%ba%d1%80%d0%b0%d1%81%d0%b8%d0%b2%d0%b0-%d0%ba%d0%be%d0%b6%d0%b0\\\/#primaryimage\"},\"thumbnailUrl\":\"https:\\\/\\\/xenobg.com\\\/wp-content\\\/uploads\\\/2017\\\/10\\\/MelaNon-web-800x800-idealabs-xenobg.jpg\",\"datePublished\":\"2017-10-07T11:34:27+00:00\",\"dateModified\":\"2026-01-05T11:45:02+00:00\",\"description\":\"MelaNon - \u0437\u0430 \u0437\u0434\u0440\u0430\u0432\u0430 \u0438 \u043a\u0440\u0430\u0441\u0438\u0432\u0430 \u043a\u043e\u0436\u0430 \u0421\u044a\u0434\u044a\u0440\u0436\u0430 \u0446\u0438\u0442\u0440\u0443\u0441\u043e\u0432\u0438\u044f \u0444\u043b\u0430\u0432\u0430\u043d\u043e\u0438\u0434 \u043d\u0430\u0440\u0430\u043d\u0435\u043d\u0438\u043d \u0438 \u0444\u043b\u0430\u0432\u043e\u043d\u044a\u0442 \u0430\u043f\u0438\u0433\u0435\u043d\u0438\u043d, \u043a\u043e\u0439\u0442\u043e \u043d\u0430\u0439-\u0447\u0435\u0441\u0442\u043e \u0441\u0435 \u043e\u0442\u043a\u0440\u0438\u0432\u0430 \u0432 \u043b\u0430\u0439\u043a\u0430\u0442\u0430. MelaNo\",\"breadcrumb\":{\"@id\":\"https:\\\/\\\/xenobg.com\\\/produkt\\\/melanon-%d0%b7%d0%b0-%d0%b7%d0%b4%d1%80%d0%b0%d0%b2%d0%b0-%d0%b8-%d0%ba%d1%80%d0%b0%d1%81%d0%b8%d0%b2%d0%b0-%d0%ba%d0%be%d0%b6%d0%b0\\\/#breadcrumb\"},\"inLanguage\":\"ro-RO\",\"potentialAction\":[{\"@type\":\"ReadAction\",\"target\":[\"https:\\\/\\\/xenobg.com\\\/produkt\\\/melanon-%d0%b7%d0%b0-%d0%b7%d0%b4%d1%80%d0%b0%d0%b2%d0%b0-%d0%b8-%d0%ba%d1%80%d0%b0%d1%81%d0%b8%d0%b2%d0%b0-%d0%ba%d0%be%d0%b6%d0%b0\\\/\"]}]},{\"@type\":\"ImageObject\",\"inLanguage\":\"ro-RO\",\"@id\":\"https:\\\/\\\/xenobg.com\\\/produkt\\\/melanon-%d0%b7%d0%b0-%d0%b7%d0%b4%d1%80%d0%b0%d0%b2%d0%b0-%d0%b8-%d0%ba%d1%80%d0%b0%d1%81%d0%b8%d0%b2%d0%b0-%d0%ba%d0%be%d0%b6%d0%b0\\\/#primaryimage\",\"url\":\"https:\\\/\\\/xenobg.com\\\/wp-content\\\/uploads\\\/2017\\\/10\\\/MelaNon-web-800x800-idealabs-xenobg.jpg\",\"contentUrl\":\"https:\\\/\\\/xenobg.com\\\/wp-content\\\/uploads\\\/2017\\\/10\\\/MelaNon-web-800x800-idealabs-xenobg.jpg\",\"width\":1000,\"height\":1000},{\"@type\":\"BreadcrumbList\",\"@id\":\"https:\\\/\\\/xenobg.com\\\/produkt\\\/melanon-%d0%b7%d0%b0-%d0%b7%d0%b4%d1%80%d0%b0%d0%b2%d0%b0-%d0%b8-%d0%ba%d1%80%d0%b0%d1%81%d0%b8%d0%b2%d0%b0-%d0%ba%d0%be%d0%b6%d0%b0\\\/#breadcrumb\",\"itemListElement\":[{\"@type\":\"ListItem\",\"position\":1,\"name\":\"\u041d\u0430\u0447\u0430\u043b\u043e\",\"item\":\"https:\\\/\\\/xenobg.com\\\/\"},{\"@type\":\"ListItem\",\"position\":2,\"name\":\"\u041c\u0430\u0433\u0430\u0437\u0438\u043d\",\"item\":\"https:\\\/\\\/xenobg.com\\\/magazin\\\/\"},{\"@type\":\"ListItem\",\"position\":3,\"name\":\"MelaNon &#8211; \u0437\u0430 \u0437\u0434\u0440\u0430\u0432\u0430 \u0438 \u043a\u0440\u0430\u0441\u0438\u0432\u0430 \u043a\u043e\u0436\u0430\"}]},{\"@type\":\"WebSite\",\"@id\":\"https:\\\/\\\/xenobg.com\\\/#website\",\"url\":\"https:\\\/\\\/xenobg.com\\\/\",\"name\":\"\u0423\u0441\u0435\u0442\u0438, \u043c\u0438\u0441\u043b\u0438, \u0434\u0435\u0439\u0441\u0442\u0432\u0430\u0439\",\"description\":\"\u0423\u0441\u0435\u0442\u0438, \u043c\u0438\u0441\u043b\u0438, \u0434\u0435\u0439\u0441\u0442\u0432\u0430\u0439 \u0441 \u0412\u0435\u0441\u0435\u043b\u0438\u043d \u0438 IdeaLabs \u0438 LSlabs\",\"potentialAction\":[{\"@type\":\"SearchAction\",\"target\":{\"@type\":\"EntryPoint\",\"urlTemplate\":\"https:\\\/\\\/xenobg.com\\\/?s={search_term_string}\"},\"query-input\":{\"@type\":\"PropertyValueSpecification\",\"valueRequired\":true,\"valueName\":\"search_term_string\"}}],\"inLanguage\":\"ro-RO\"}]}<\/script>\n<!-- \/ Yoast SEO plugin. -->","yoast_head_json":{"title":"MelaNon - \u0437\u0430 \u0437\u0434\u0440\u0430\u0432\u0430 \u0438 \u043a\u0440\u0430\u0441\u0438\u0432\u0430 \u043a\u043e\u0436\u0430 - \u0423\u0441\u0435\u0442\u0438, \u043c\u0438\u0441\u043b\u0438, \u0434\u0435\u0439\u0441\u0442\u0432\u0430\u0439","description":"MelaNon - \u0437\u0430 \u0437\u0434\u0440\u0430\u0432\u0430 \u0438 \u043a\u0440\u0430\u0441\u0438\u0432\u0430 \u043a\u043e\u0436\u0430 \u0421\u044a\u0434\u044a\u0440\u0436\u0430 \u0446\u0438\u0442\u0440\u0443\u0441\u043e\u0432\u0438\u044f \u0444\u043b\u0430\u0432\u0430\u043d\u043e\u0438\u0434 \u043d\u0430\u0440\u0430\u043d\u0435\u043d\u0438\u043d \u0438 \u0444\u043b\u0430\u0432\u043e\u043d\u044a\u0442 \u0430\u043f\u0438\u0433\u0435\u043d\u0438\u043d, \u043a\u043e\u0439\u0442\u043e \u043d\u0430\u0439-\u0447\u0435\u0441\u0442\u043e \u0441\u0435 \u043e\u0442\u043a\u0440\u0438\u0432\u0430 \u0432 \u043b\u0430\u0439\u043a\u0430\u0442\u0430. MelaNo","robots":{"index":"index","follow":"follow","max-snippet":"max-snippet:-1","max-image-preview":"max-image-preview:large","max-video-preview":"max-video-preview:-1"},"canonical":"https:\/\/xenobg.com\/ro\/produs\/melanon-\u0437\u0430-\u0437\u0434\u0440\u0430\u0432\u0430-\u0438-\u043a\u0440\u0430\u0441\u0438\u0432\u0430-\u043a\u043e\u0436\u0430\/","og_locale":"ro_RO","og_type":"article","og_title":"MelaNon - \u0437\u0430 \u0437\u0434\u0440\u0430\u0432\u0430 \u0438 \u043a\u0440\u0430\u0441\u0438\u0432\u0430 \u043a\u043e\u0436\u0430 - \u0423\u0441\u0435\u0442\u0438, \u043c\u0438\u0441\u043b\u0438, \u0434\u0435\u0439\u0441\u0442\u0432\u0430\u0439","og_description":"MelaNon - \u0437\u0430 \u0437\u0434\u0440\u0430\u0432\u0430 \u0438 \u043a\u0440\u0430\u0441\u0438\u0432\u0430 \u043a\u043e\u0436\u0430 \u0421\u044a\u0434\u044a\u0440\u0436\u0430 \u0446\u0438\u0442\u0440\u0443\u0441\u043e\u0432\u0438\u044f \u0444\u043b\u0430\u0432\u0430\u043d\u043e\u0438\u0434 \u043d\u0430\u0440\u0430\u043d\u0435\u043d\u0438\u043d \u0438 \u0444\u043b\u0430\u0432\u043e\u043d\u044a\u0442 \u0430\u043f\u0438\u0433\u0435\u043d\u0438\u043d, \u043a\u043e\u0439\u0442\u043e \u043d\u0430\u0439-\u0447\u0435\u0441\u0442\u043e \u0441\u0435 \u043e\u0442\u043a\u0440\u0438\u0432\u0430 \u0432 \u043b\u0430\u0439\u043a\u0430\u0442\u0430. MelaNo","og_url":"https:\/\/xenobg.com\/ro\/produs\/melanon-\u0437\u0430-\u0437\u0434\u0440\u0430\u0432\u0430-\u0438-\u043a\u0440\u0430\u0441\u0438\u0432\u0430-\u043a\u043e\u0436\u0430\/","og_site_name":"\u0423\u0441\u0435\u0442\u0438, \u043c\u0438\u0441\u043b\u0438, \u0434\u0435\u0439\u0441\u0442\u0432\u0430\u0439","article_publisher":"https:\/\/www.facebook.com\/xenobg","article_modified_time":"2026-01-05T11:45:02+00:00","og_image":[{"width":1000,"height":1000,"url":"https:\/\/xenobg.com\/wp-content\/uploads\/2017\/10\/MelaNon-web-800x800-idealabs-xenobg.jpg","type":"image\/jpeg"}],"schema":{"@context":"https:\/\/schema.org","@graph":[{"@type":"WebPage","@id":"https:\/\/xenobg.com\/produkt\/melanon-%d0%b7%d0%b0-%d0%b7%d0%b4%d1%80%d0%b0%d0%b2%d0%b0-%d0%b8-%d0%ba%d1%80%d0%b0%d1%81%d0%b8%d0%b2%d0%b0-%d0%ba%d0%be%d0%b6%d0%b0\/","url":"https:\/\/xenobg.com\/produkt\/melanon-%d0%b7%d0%b0-%d0%b7%d0%b4%d1%80%d0%b0%d0%b2%d0%b0-%d0%b8-%d0%ba%d1%80%d0%b0%d1%81%d0%b8%d0%b2%d0%b0-%d0%ba%d0%be%d0%b6%d0%b0\/","name":"MelaNon - \u0437\u0430 \u0437\u0434\u0440\u0430\u0432\u0430 \u0438 \u043a\u0440\u0430\u0441\u0438\u0432\u0430 \u043a\u043e\u0436\u0430 - \u0423\u0441\u0435\u0442\u0438, \u043c\u0438\u0441\u043b\u0438, \u0434\u0435\u0439\u0441\u0442\u0432\u0430\u0439","isPartOf":{"@id":"https:\/\/xenobg.com\/#website"},"primaryImageOfPage":{"@id":"https:\/\/xenobg.com\/produkt\/melanon-%d0%b7%d0%b0-%d0%b7%d0%b4%d1%80%d0%b0%d0%b2%d0%b0-%d0%b8-%d0%ba%d1%80%d0%b0%d1%81%d0%b8%d0%b2%d0%b0-%d0%ba%d0%be%d0%b6%d0%b0\/#primaryimage"},"image":{"@id":"https:\/\/xenobg.com\/produkt\/melanon-%d0%b7%d0%b0-%d0%b7%d0%b4%d1%80%d0%b0%d0%b2%d0%b0-%d0%b8-%d0%ba%d1%80%d0%b0%d1%81%d0%b8%d0%b2%d0%b0-%d0%ba%d0%be%d0%b6%d0%b0\/#primaryimage"},"thumbnailUrl":"https:\/\/xenobg.com\/wp-content\/uploads\/2017\/10\/MelaNon-web-800x800-idealabs-xenobg.jpg","datePublished":"2017-10-07T11:34:27+00:00","dateModified":"2026-01-05T11:45:02+00:00","description":"MelaNon - \u0437\u0430 \u0437\u0434\u0440\u0430\u0432\u0430 \u0438 \u043a\u0440\u0430\u0441\u0438\u0432\u0430 \u043a\u043e\u0436\u0430 \u0421\u044a\u0434\u044a\u0440\u0436\u0430 \u0446\u0438\u0442\u0440\u0443\u0441\u043e\u0432\u0438\u044f \u0444\u043b\u0430\u0432\u0430\u043d\u043e\u0438\u0434 \u043d\u0430\u0440\u0430\u043d\u0435\u043d\u0438\u043d \u0438 \u0444\u043b\u0430\u0432\u043e\u043d\u044a\u0442 \u0430\u043f\u0438\u0433\u0435\u043d\u0438\u043d, \u043a\u043e\u0439\u0442\u043e \u043d\u0430\u0439-\u0447\u0435\u0441\u0442\u043e \u0441\u0435 \u043e\u0442\u043a\u0440\u0438\u0432\u0430 \u0432 \u043b\u0430\u0439\u043a\u0430\u0442\u0430. MelaNo","breadcrumb":{"@id":"https:\/\/xenobg.com\/produkt\/melanon-%d0%b7%d0%b0-%d0%b7%d0%b4%d1%80%d0%b0%d0%b2%d0%b0-%d0%b8-%d0%ba%d1%80%d0%b0%d1%81%d0%b8%d0%b2%d0%b0-%d0%ba%d0%be%d0%b6%d0%b0\/#breadcrumb"},"inLanguage":"ro-RO","potentialAction":[{"@type":"ReadAction","target":["https:\/\/xenobg.com\/produkt\/melanon-%d0%b7%d0%b0-%d0%b7%d0%b4%d1%80%d0%b0%d0%b2%d0%b0-%d0%b8-%d0%ba%d1%80%d0%b0%d1%81%d0%b8%d0%b2%d0%b0-%d0%ba%d0%be%d0%b6%d0%b0\/"]}]},{"@type":"ImageObject","inLanguage":"ro-RO","@id":"https:\/\/xenobg.com\/produkt\/melanon-%d0%b7%d0%b0-%d0%b7%d0%b4%d1%80%d0%b0%d0%b2%d0%b0-%d0%b8-%d0%ba%d1%80%d0%b0%d1%81%d0%b8%d0%b2%d0%b0-%d0%ba%d0%be%d0%b6%d0%b0\/#primaryimage","url":"https:\/\/xenobg.com\/wp-content\/uploads\/2017\/10\/MelaNon-web-800x800-idealabs-xenobg.jpg","contentUrl":"https:\/\/xenobg.com\/wp-content\/uploads\/2017\/10\/MelaNon-web-800x800-idealabs-xenobg.jpg","width":1000,"height":1000},{"@type":"BreadcrumbList","@id":"https:\/\/xenobg.com\/produkt\/melanon-%d0%b7%d0%b0-%d0%b7%d0%b4%d1%80%d0%b0%d0%b2%d0%b0-%d0%b8-%d0%ba%d1%80%d0%b0%d1%81%d0%b8%d0%b2%d0%b0-%d0%ba%d0%be%d0%b6%d0%b0\/#breadcrumb","itemListElement":[{"@type":"ListItem","position":1,"name":"\u041d\u0430\u0447\u0430\u043b\u043e","item":"https:\/\/xenobg.com\/"},{"@type":"ListItem","position":2,"name":"\u041c\u0430\u0433\u0430\u0437\u0438\u043d","item":"https:\/\/xenobg.com\/magazin\/"},{"@type":"ListItem","position":3,"name":"MelaNon &#8211; \u0437\u0430 \u0437\u0434\u0440\u0430\u0432\u0430 \u0438 \u043a\u0440\u0430\u0441\u0438\u0432\u0430 \u043a\u043e\u0436\u0430"}]},{"@type":"WebSite","@id":"https:\/\/xenobg.com\/#website","url":"https:\/\/xenobg.com\/","name":"Sim\u021bi\u021bi, g\u00e2ndi\u021bi, ac\u021biona\u021bi","description":"Simte, g\u00e2nde\u0219te, ac\u021bioneaz\u0103 cu Veselin \u0219i IdeaLabs \u0219i LSlabs","potentialAction":[{"@type":"SearchAction","target":{"@type":"EntryPoint","urlTemplate":"https:\/\/xenobg.com\/?s={search_term_string}"},"query-input":{"@type":"PropertyValueSpecification","valueRequired":true,"valueName":"search_term_string"}}],"inLanguage":"ro-RO"}]}},"jetpack_publicize_connections":[],"featured_img":"https:\/\/xenobg.com\/wp-content\/uploads\/2017\/10\/MelaNon-web-800x800-idealabs-xenobg.jpg","coauthors":[],"author_meta":{"author_link":"https:\/\/xenobg.com\/ro\/author\/xenobg\/","display_name":"\u0425\u0430\u0439\u0434\u0443\u0442\u0438\u043d"},"relative_dates":{"created":"Publicat 9 ani \u00een urm\u0103","modified":"Actualizat 4 luni \u00een urm\u0103"},"absolute_dates":{"created":"Publicat pe 07.10.2017","modified":"Actualizat pe 05.01.2026"},"absolute_dates_time":{"created":"Publicat pe 07.10.2017 2:34 pm","modified":"Actualizat pe 05.01.2026 1:45 pm"},"featured_img_caption":"","tax_additional":{"product_brand":{"linked":[],"unlinked":[],"slug":"product_brand","name":"Branduri"},"product_type":{"linked":["<a href=\"https:\/\/xenobg.com\/ro\/?taxonomy=product_type&#038;term=simple\" class=\"advgb-post-tax-term\">simple<\/a>"],"unlinked":["<span class=\"advgb-post-tax-term\">simple<\/span>"],"slug":"product_type","name":"Tip de produs"},"product_visibility":{"linked":["<a href=\"https:\/\/xenobg.com\/ro\/?taxonomy=product_visibility&#038;term=exclude-from-catalog\" class=\"advgb-post-tax-term\">exclude-from-catalog<\/a>","<a href=\"https:\/\/xenobg.com\/ro\/?taxonomy=product_visibility&#038;term=outofstock\" class=\"advgb-post-tax-term\">outofstock<\/a>"],"unlinked":["<span class=\"advgb-post-tax-term\">exclude-from-catalog<\/span>","<span class=\"advgb-post-tax-term\">outofstock<\/span>"],"slug":"product_visibility","name":"Vizibilitate produs"},"product_cat":{"linked":["<a href=\"https:\/\/xenobg.com\/ro\/produktova-kategoria\/idealabsdc\/\" class=\"advgb-post-tax-term\">IdeaLabs<\/a>","<a href=\"https:\/\/xenobg.com\/ro\/produktova-kategoria\/zdrave\/\" class=\"advgb-post-tax-term\">\u041f\u0420\u041e\u0414\u0423\u041a\u0422\u0418 \u0417\u0410 \u0417\u0414\u0420\u0410\u0412\u0415<\/a>"],"unlinked":["<span class=\"advgb-post-tax-term\">IdeaLabs<\/span>","<span class=\"advgb-post-tax-term\">\u041f\u0420\u041e\u0414\u0423\u041a\u0422\u0418 \u0417\u0410 \u0417\u0414\u0420\u0410\u0412\u0415<\/span>"],"slug":"product_cat","name":"Categorii de produse"},"product_tag":{"linked":["<a href=\"https:\/\/xenobg.com\/ro\/produktov-etiket\/idealabs\/\" class=\"advgb-post-tax-term\">IdeaLabs<\/a>","<a href=\"https:\/\/xenobg.com\/ro\/produktov-etiket\/melanon\/\" class=\"advgb-post-tax-term\">MelaNon<\/a>","<a href=\"https:\/\/xenobg.com\/ro\/produktov-etiket\/%d0%b0%d0%bf%d0%b8%d0%b3%d0%b5%d0%bd%d0%b8%d0%bd\/\" class=\"advgb-post-tax-term\">\u0430\u043f\u0438\u0433\u0435\u043d\u0438\u043d<\/a>","<a href=\"https:\/\/xenobg.com\/ro\/produktov-etiket\/%d0%b5%d1%81%d1%82%d1%80%d0%be%d0%b3%d0%b5%d0%bd\/\" class=\"advgb-post-tax-term\">\u0435\u0441\u0442\u0440\u043e\u0433\u0435\u043d<\/a>","<a href=\"https:\/\/xenobg.com\/ro\/produktov-etiket\/%d0%b7%d0%b4%d1%80%d0%b0%d0%b2%d0%b0-%d0%ba%d0%be%d0%b6%d0%b0\/\" class=\"advgb-post-tax-term\">\u0437\u0434\u0440\u0430\u0432\u0430 \u043a\u043e\u0436\u0430<\/a>","<a href=\"https:\/\/xenobg.com\/ro\/produktov-etiket\/%d0%ba%d0%be%d1%84%d0%b5%d0%b8%d0%bd\/\" class=\"advgb-post-tax-term\">\u043a\u043e\u0444\u0435\u0438\u043d<\/a>","<a href=\"https:\/\/xenobg.com\/ro\/produktov-etiket\/%d0%ba%d1%80%d0%b0%d1%81%d0%b8%d0%b2%d0%b0-%d0%ba%d0%be%d0%b6%d0%b0\/\" class=\"advgb-post-tax-term\">\u043a\u0440\u0430\u0441\u0438\u0432\u0430 \u043a\u043e\u0436\u0430<\/a>","<a href=\"https:\/\/xenobg.com\/ro\/produktov-etiket\/%d0%bb%d0%b0%d0%b9%d0%ba%d0%b0\/\" class=\"advgb-post-tax-term\">\u043b\u0430\u0439\u043a\u0430<\/a>","<a href=\"https:\/\/xenobg.com\/ro\/produktov-etiket\/%d0%bd%d0%b0%d1%80%d0%b0%d0%bd%d0%b5%d0%bd%d0%b8%d0%bd\/\" class=\"advgb-post-tax-term\">\u043d\u0430\u0440\u0430\u043d\u0435\u043d\u0438\u043d<\/a>"],"unlinked":["<span class=\"advgb-post-tax-term\">IdeaLabs<\/span>","<span class=\"advgb-post-tax-term\">MelaNon<\/span>","<span class=\"advgb-post-tax-term\">\u0430\u043f\u0438\u0433\u0435\u043d\u0438\u043d<\/span>","<span class=\"advgb-post-tax-term\">\u0435\u0441\u0442\u0440\u043e\u0433\u0435\u043d<\/span>","<span class=\"advgb-post-tax-term\">\u0437\u0434\u0440\u0430\u0432\u0430 \u043a\u043e\u0436\u0430<\/span>","<span class=\"advgb-post-tax-term\">\u043a\u043e\u0444\u0435\u0438\u043d<\/span>","<span class=\"advgb-post-tax-term\">\u043a\u0440\u0430\u0441\u0438\u0432\u0430 \u043a\u043e\u0436\u0430<\/span>","<span class=\"advgb-post-tax-term\">\u043b\u0430\u0439\u043a\u0430<\/span>","<span class=\"advgb-post-tax-term\">\u043d\u0430\u0440\u0430\u043d\u0435\u043d\u0438\u043d<\/span>"],"slug":"product_tag","name":"Etichete produs"},"product_shipping_class":{"linked":[],"unlinked":[],"slug":"product_shipping_class","name":"Clase de livrare produse"},"pos_product_visibility":{"linked":[],"unlinked":[],"slug":"pos_product_visibility","name":"Vizibilitate produse \u00een POS"},"pa_color":{"linked":[],"unlinked":[],"slug":"pa_color","name":"color produs"},"pa_size":{"linked":[],"unlinked":[],"slug":"pa_size","name":"size produs"},"woo-feed-brand":{"linked":[],"unlinked":[],"slug":"woo-feed-brand","name":"Brand by CTX Feed"}},"series_order":"","jetpack_sharing_enabled":true,"_links":{"self":[{"href":"https:\/\/xenobg.com\/ro\/wp-json\/wp\/v2\/product\/5656","targetHints":{"allow":["GET"]}}],"collection":[{"href":"https:\/\/xenobg.com\/ro\/wp-json\/wp\/v2\/product"}],"about":[{"href":"https:\/\/xenobg.com\/ro\/wp-json\/wp\/v2\/types\/product"}],"replies":[{"embeddable":true,"href":"https:\/\/xenobg.com\/ro\/wp-json\/wp\/v2\/comments?post=5656"}],"wp:featuredmedia":[{"embeddable":true,"href":"https:\/\/xenobg.com\/ro\/wp-json\/wp\/v2\/media\/9566"}],"wp:attachment":[{"href":"https:\/\/xenobg.com\/ro\/wp-json\/wp\/v2\/media?parent=5656"}],"wp:term":[{"taxonomy":"product_brand","embeddable":true,"href":"https:\/\/xenobg.com\/ro\/wp-json\/wp\/v2\/product_brand?post=5656"},{"taxonomy":"product_cat","embeddable":true,"href":"https:\/\/xenobg.com\/ro\/wp-json\/wp\/v2\/product_cat?post=5656"},{"taxonomy":"product_tag","embeddable":true,"href":"https:\/\/xenobg.com\/ro\/wp-json\/wp\/v2\/product_tag?post=5656"},{"taxonomy":"woo-feed-brand","embeddable":true,"href":"https:\/\/xenobg.com\/ro\/wp-json\/wp\/v2\/woo-feed-brand?post=5656"}],"curies":[{"name":"wp","href":"https:\/\/api.w.org\/{rel}","templated":true}]}}