{"id":7624,"date":"2018-12-08T17:51:03","date_gmt":"2018-12-08T15:51:03","guid":{"rendered":"https:\/\/xenobg.com\/?post_type=product&#038;p=7624"},"modified":"2026-01-05T23:39:31","modified_gmt":"2026-01-05T21:39:31","slug":"cyproheptadine-liquid-serotonin-antagonist","status":"publish","type":"product","link":"https:\/\/xenobg.com\/ro\/produkt\/cyproheptadine-liquid-serotonin-antagonist\/","title":{"rendered":"Cyproheptadine &#8211; Liquid Serotonin Antagonist"},"content":{"rendered":"<p>Due to popular demand, we have released the well-known chemical cyproheptadine as a product for R&amp;D use only. I don&#8217;t think cyproheptadine needs any introduction here, so I have simply provided the Wikipedia links and some relevant links from the forum.<br \/>\n<a class=\"externalLink\" href=\"https:\/\/en.wikipedia.org\/wiki\/Cyproheptadine\" target=\"_blank\" rel=\"nofollow noopener noreferrer\">Cyproheptadine &#8211; Wikipedia<\/a><\/p>\n<p>Please note that similar to the products sold by companies like BluePeptides, this product if for lab\/research use only. The product can be ordered from the link below:<br \/>\n<a class=\"externalLink\" href=\"http:\/\/www.idealabsdc.com\/lab\/\" target=\"_blank\" rel=\"nofollow noopener noreferrer\">IdeaLabs Online Store &#8211; Worldwide Ordering And Delivery &#8211; Laboratory Research Chemicals<\/a><\/p>\n<p>*******************************************************************************<br \/>\nCyproheptadine is a first-generation antihistamine with additional anticholinergic, antiserotonergic, and local anesthetic properties. It is one of the oldest synthetic antihistamine and antiserotonin drugs, with use spanning more than 5 decades. As such, cyproheptadine is second to none in terms of known properties, risks, and dose-response effects.<\/p>\n<p>view forum comments and discution<\/p>\n<p><a href=\"https:\/\/raypeatforum.com\/community\/threads\/cyproheptadine-liquid-serotonin-antagonist-for-lab-r-d.14217\/\">https:\/\/raypeatforum.com\/community\/threads\/cyproheptadine-liquid-serotonin-antagonist-for-lab-r-d.14217\/<\/a><br \/>\n*******************************************************************************<\/p>\n<p>Referin\u021be:<br \/>\n<a class=\"internalLink\" href=\"https:\/\/raypeatforum.com\/community\/threads\/blocking-serotonin-extends-lifespan-by-40-triples-youthspan.8745\/\">Blocking Serotonin Extends Lifespan By 40%, Triples Youthspan<\/a><br \/>\n<a class=\"internalLink\" href=\"https:\/\/raypeatforum.com\/community\/threads\/serotonin-antagonists-extend-lifespan-ssri-dramatically-shorten-it.6451\/\">Serotonin Antagonists Extend Lifespan, SSRI Dramatically Shorten It<\/a><br \/>\n<a class=\"internalLink\" href=\"https:\/\/raypeatforum.com\/community\/threads\/serotonin-causes-autism-blocking-it-may-treat-autism.7978\/\">Serotonin Causes Autism; Blocking It May Treat Autism<\/a><br \/>\n<a class=\"internalLink\" href=\"https:\/\/raypeatforum.com\/community\/threads\/cyproheptadine-lsd-based-drugs-can-regenerate-damaged-liver.3398\/\">Cyproheptadine, LSD-based Drugs Can Regenerate Damaged Liver<\/a><br \/>\n<a class=\"internalLink\" href=\"https:\/\/raypeatforum.com\/community\/threads\/benadryl-and-cyproheptadine-protect-from-endotoxin-poisoning.5794\/\">Benadryl and cyproheptadine protect from endotoxin poisoning<\/a><br \/>\n<a class=\"internalLink\" href=\"https:\/\/raypeatforum.com\/community\/threads\/cyproheptadine-a-wonder-drug.2508\/\">Cyproheptadine &#8211; A Wonder Drug?<\/a><br \/>\n<a class=\"internalLink\" href=\"https:\/\/raypeatforum.com\/community\/threads\/cyproheptadine-prevents-exercise-induced-leaky-brain.4457\/\">Cyproheptadine prevents exercise-induced leaky brain<\/a><br \/>\n<a class=\"internalLink\" href=\"https:\/\/raypeatforum.com\/community\/threads\/cyproheptadine-is-anti-inflammatory.6377\/\">Cyproheptadine Is Anti-inflammatory<\/a><br \/>\n<a class=\"internalLink\" href=\"https:\/\/raypeatforum.com\/community\/threads\/how-cyproheptadine-lowers-stress.6820\/\">How cyproheptadine lowers stress<\/a><br \/>\n<a class=\"internalLink\" href=\"https:\/\/raypeatforum.com\/community\/threads\/cyproheptadine-may-treat-ebola-infection.7481\/\">Cyproheptadine May Treat Ebola Infection<\/a><br \/>\n<a class=\"internalLink\" href=\"https:\/\/raypeatforum.com\/community\/threads\/cyproheptadine-as-a-fertility-drug-in-old-males.8057\/\">Cyproheptadine as a fertility drug in old males<\/a><br \/>\n<a class=\"internalLink\" href=\"https:\/\/raypeatforum.com\/community\/threads\/cyproheptadine-as-a-powerful-antidepressant.8058\/\">Cyproheptadine As A Powerful Antidepressant<\/a><br \/>\n<a class=\"internalLink\" href=\"https:\/\/raypeatforum.com\/community\/threads\/cyproheptadine-prevents-reverses-soft-tissue-calcification.8054\/\">Cyproheptadine Prevents \/ Reverses Soft Tissue Calcification<\/a><br \/>\n<a class=\"internalLink\" href=\"https:\/\/raypeatforum.com\/community\/threads\/cyproheptadine-lowers-cortisol-endorphins-hgh-aldosterone.6376\/\">Cyproheptadine Lowers Cortisol, Endorphins, HGH, Aldosterone<\/a><br \/>\n<a class=\"internalLink\" href=\"https:\/\/raypeatforum.com\/community\/threads\/cyproheptadine-effective-for-functional-gi-disorders.8053\/\">Cyproheptadine Effective For Functional GI Disorders<\/a><\/p>","protected":false},"excerpt":{"rendered":"<p>Drops per container: about 360<br \/>\nEach drop contains the following ingredients:<\/p>\n<p>Cyproheptadine (Hcl), USP: 0.5 mg<\/p>\n<p>Other ingredients: SFA esters, ethanol<\/p>","protected":false},"author":1,"featured_media":0,"comment_status":"open","ping_status":"closed","template":"","meta":{"_et_pb_use_builder":"","_et_pb_old_content":"","_et_gb_content_width":"","advgb_blocks_editor_width":"","advgb_blocks_columns_visual_guide":"","_monsterinsights_skip_tracking":false,"_monsterinsights_sitenote_active":false,"_monsterinsights_sitenote_note":"","_monsterinsights_sitenote_category":0,"_uf_show_specific_survey":0,"_uf_disable_surveys":false,"jetpack_publicize_message":"","jetpack_publicize_feature_enabled":true,"jetpack_social_post_already_shared":false,"jetpack_social_options":{"image_generator_settings":{"template":"highway","default_image_id":0,"font":"","enabled":false},"version":2}},"product_brand":[],"product_cat":[845,1021,846,1134],"product_tag":[1190,1191,365,189,847,1089],"woo-feed-brand":[],"class_list":{"0":"post-7624","1":"product","2":"type-product","3":"status-publish","5":"product_cat-haidut","6":"product_cat-lslabs","7":"product_cat-xenobg","8":"product_cat-1134","9":"product_tag-cypro","10":"product_tag-cyproheptadine","11":"product_tag-haidut","12":"product_tag-idealabs","13":"product_tag-idealabsdc","14":"product_tag-lslabs","16":"first","17":"onbackorder","18":"taxable","19":"shipping-taxable","20":"purchasable","21":"product-type-simple"},"yoast_head":"<!-- This site is optimized with the Yoast SEO plugin v27.5 - https:\/\/yoast.com\/product\/yoast-seo-wordpress\/ -->\n<title>Cyproheptadine - Liquid Serotonin Antagonist - \u0423\u0441\u0435\u0442\u0438, \u043c\u0438\u0441\u043b\u0438, \u0434\u0435\u0439\u0441\u0442\u0432\u0430\u0439<\/title>\n<meta name=\"robots\" content=\"index, follow, max-snippet:-1, max-image-preview:large, max-video-preview:-1\" \/>\n<link rel=\"canonical\" href=\"https:\/\/xenobg.com\/ro\/produs\/cyproheptadine-liquid-serotonin-antagonist\/\" \/>\n<meta property=\"og:locale\" content=\"ro_RO\" \/>\n<meta property=\"og:type\" content=\"article\" \/>\n<meta property=\"og:title\" content=\"Cyproheptadine - Liquid Serotonin Antagonist - \u0423\u0441\u0435\u0442\u0438, \u043c\u0438\u0441\u043b\u0438, \u0434\u0435\u0439\u0441\u0442\u0432\u0430\u0439\" \/>\n<meta property=\"og:description\" content=\"Drops per container: about 360 Each drop contains the following ingredients:  Cyproheptadine (Hcl), USP: 0.5 mg  Other ingredients: SFA esters, ethanol\" \/>\n<meta property=\"og:url\" content=\"https:\/\/xenobg.com\/ro\/produs\/cyproheptadine-liquid-serotonin-antagonist\/\" \/>\n<meta property=\"og:site_name\" content=\"\u0423\u0441\u0435\u0442\u0438, \u043c\u0438\u0441\u043b\u0438, \u0434\u0435\u0439\u0441\u0442\u0432\u0430\u0439\" \/>\n<meta property=\"article:publisher\" content=\"https:\/\/www.facebook.com\/xenobg\" \/>\n<meta property=\"article:modified_time\" content=\"2026-01-05T21:39:31+00:00\" \/>\n<meta name=\"twitter:label1\" content=\"Timp estimat pentru citire\" \/>\n\t<meta name=\"twitter:data1\" content=\"2 minute\" \/>\n<script type=\"application\/ld+json\" class=\"yoast-schema-graph\">{\"@context\":\"https:\\\/\\\/schema.org\",\"@graph\":[{\"@type\":\"WebPage\",\"@id\":\"https:\\\/\\\/xenobg.com\\\/produkt\\\/cyproheptadine-liquid-serotonin-antagonist\\\/\",\"url\":\"https:\\\/\\\/xenobg.com\\\/produkt\\\/cyproheptadine-liquid-serotonin-antagonist\\\/\",\"name\":\"Cyproheptadine - Liquid Serotonin Antagonist - \u0423\u0441\u0435\u0442\u0438, \u043c\u0438\u0441\u043b\u0438, \u0434\u0435\u0439\u0441\u0442\u0432\u0430\u0439\",\"isPartOf\":{\"@id\":\"https:\\\/\\\/xenobg.com\\\/#website\"},\"datePublished\":\"2018-12-08T15:51:03+00:00\",\"dateModified\":\"2026-01-05T21:39:31+00:00\",\"breadcrumb\":{\"@id\":\"https:\\\/\\\/xenobg.com\\\/produkt\\\/cyproheptadine-liquid-serotonin-antagonist\\\/#breadcrumb\"},\"inLanguage\":\"ro-RO\",\"potentialAction\":[{\"@type\":\"ReadAction\",\"target\":[\"https:\\\/\\\/xenobg.com\\\/produkt\\\/cyproheptadine-liquid-serotonin-antagonist\\\/\"]}]},{\"@type\":\"BreadcrumbList\",\"@id\":\"https:\\\/\\\/xenobg.com\\\/produkt\\\/cyproheptadine-liquid-serotonin-antagonist\\\/#breadcrumb\",\"itemListElement\":[{\"@type\":\"ListItem\",\"position\":1,\"name\":\"\u041d\u0430\u0447\u0430\u043b\u043e\",\"item\":\"https:\\\/\\\/xenobg.com\\\/\"},{\"@type\":\"ListItem\",\"position\":2,\"name\":\"\u041c\u0430\u0433\u0430\u0437\u0438\u043d\",\"item\":\"https:\\\/\\\/xenobg.com\\\/magazin\\\/\"},{\"@type\":\"ListItem\",\"position\":3,\"name\":\"Cyproheptadine &#8211; Liquid Serotonin Antagonist\"}]},{\"@type\":\"WebSite\",\"@id\":\"https:\\\/\\\/xenobg.com\\\/#website\",\"url\":\"https:\\\/\\\/xenobg.com\\\/\",\"name\":\"\u0423\u0441\u0435\u0442\u0438, \u043c\u0438\u0441\u043b\u0438, \u0434\u0435\u0439\u0441\u0442\u0432\u0430\u0439\",\"description\":\"\u0423\u0441\u0435\u0442\u0438, \u043c\u0438\u0441\u043b\u0438, \u0434\u0435\u0439\u0441\u0442\u0432\u0430\u0439 \u0441 \u0412\u0435\u0441\u0435\u043b\u0438\u043d \u0438 IdeaLabs \u0438 LSlabs\",\"potentialAction\":[{\"@type\":\"SearchAction\",\"target\":{\"@type\":\"EntryPoint\",\"urlTemplate\":\"https:\\\/\\\/xenobg.com\\\/?s={search_term_string}\"},\"query-input\":{\"@type\":\"PropertyValueSpecification\",\"valueRequired\":true,\"valueName\":\"search_term_string\"}}],\"inLanguage\":\"ro-RO\"}]}<\/script>\n<!-- \/ Yoast SEO plugin. -->","yoast_head_json":{"title":"Cyproheptadine - Liquid Serotonin Antagonist - \u0423\u0441\u0435\u0442\u0438, \u043c\u0438\u0441\u043b\u0438, \u0434\u0435\u0439\u0441\u0442\u0432\u0430\u0439","robots":{"index":"index","follow":"follow","max-snippet":"max-snippet:-1","max-image-preview":"max-image-preview:large","max-video-preview":"max-video-preview:-1"},"canonical":"https:\/\/xenobg.com\/ro\/produs\/cyproheptadine-liquid-serotonin-antagonist\/","og_locale":"ro_RO","og_type":"article","og_title":"Cyproheptadine - Liquid Serotonin Antagonist - \u0423\u0441\u0435\u0442\u0438, \u043c\u0438\u0441\u043b\u0438, \u0434\u0435\u0439\u0441\u0442\u0432\u0430\u0439","og_description":"Drops per container: about 360 Each drop contains the following ingredients:  Cyproheptadine (Hcl), USP: 0.5 mg  Other ingredients: SFA esters, ethanol","og_url":"https:\/\/xenobg.com\/ro\/produs\/cyproheptadine-liquid-serotonin-antagonist\/","og_site_name":"\u0423\u0441\u0435\u0442\u0438, \u043c\u0438\u0441\u043b\u0438, \u0434\u0435\u0439\u0441\u0442\u0432\u0430\u0439","article_publisher":"https:\/\/www.facebook.com\/xenobg","article_modified_time":"2026-01-05T21:39:31+00:00","twitter_misc":{"Timp estimat pentru citire":"2 minute"},"schema":{"@context":"https:\/\/schema.org","@graph":[{"@type":"WebPage","@id":"https:\/\/xenobg.com\/produkt\/cyproheptadine-liquid-serotonin-antagonist\/","url":"https:\/\/xenobg.com\/produkt\/cyproheptadine-liquid-serotonin-antagonist\/","name":"Cyproheptadine - Liquid Serotonin Antagonist - \u0423\u0441\u0435\u0442\u0438, \u043c\u0438\u0441\u043b\u0438, \u0434\u0435\u0439\u0441\u0442\u0432\u0430\u0439","isPartOf":{"@id":"https:\/\/xenobg.com\/#website"},"datePublished":"2018-12-08T15:51:03+00:00","dateModified":"2026-01-05T21:39:31+00:00","breadcrumb":{"@id":"https:\/\/xenobg.com\/produkt\/cyproheptadine-liquid-serotonin-antagonist\/#breadcrumb"},"inLanguage":"ro-RO","potentialAction":[{"@type":"ReadAction","target":["https:\/\/xenobg.com\/produkt\/cyproheptadine-liquid-serotonin-antagonist\/"]}]},{"@type":"BreadcrumbList","@id":"https:\/\/xenobg.com\/produkt\/cyproheptadine-liquid-serotonin-antagonist\/#breadcrumb","itemListElement":[{"@type":"ListItem","position":1,"name":"\u041d\u0430\u0447\u0430\u043b\u043e","item":"https:\/\/xenobg.com\/"},{"@type":"ListItem","position":2,"name":"\u041c\u0430\u0433\u0430\u0437\u0438\u043d","item":"https:\/\/xenobg.com\/magazin\/"},{"@type":"ListItem","position":3,"name":"Cyproheptadine &#8211; Liquid Serotonin Antagonist"}]},{"@type":"WebSite","@id":"https:\/\/xenobg.com\/#website","url":"https:\/\/xenobg.com\/","name":"Sim\u021bi\u021bi, g\u00e2ndi\u021bi, ac\u021biona\u021bi","description":"Simte, g\u00e2nde\u0219te, ac\u021bioneaz\u0103 cu Veselin \u0219i IdeaLabs \u0219i LSlabs","potentialAction":[{"@type":"SearchAction","target":{"@type":"EntryPoint","urlTemplate":"https:\/\/xenobg.com\/?s={search_term_string}"},"query-input":{"@type":"PropertyValueSpecification","valueRequired":true,"valueName":"search_term_string"}}],"inLanguage":"ro-RO"}]}},"jetpack_publicize_connections":[],"featured_img":false,"coauthors":[],"author_meta":{"author_link":"https:\/\/xenobg.com\/ro\/author\/xenobg\/","display_name":"\u0425\u0430\u0439\u0434\u0443\u0442\u0438\u043d"},"relative_dates":{"created":"Publicat 7 ani \u00een urm\u0103","modified":"Actualizat 4 luni \u00een urm\u0103"},"absolute_dates":{"created":"Publicat pe 08.12.2018","modified":"Actualizat pe 05.01.2026"},"absolute_dates_time":{"created":"Publicat pe 08.12.2018 5:51 pm","modified":"Actualizat pe 05.01.2026 11:39 pm"},"featured_img_caption":"","tax_additional":{"product_brand":{"linked":[],"unlinked":[],"slug":"product_brand","name":"Branduri"},"product_type":{"linked":["<a href=\"https:\/\/xenobg.com\/ro\/?taxonomy=product_type&#038;term=simple\" class=\"advgb-post-tax-term\">simple<\/a>"],"unlinked":["<span class=\"advgb-post-tax-term\">simple<\/span>"],"slug":"product_type","name":"Tip de produs"},"product_visibility":{"linked":["<a href=\"https:\/\/xenobg.com\/ro\/?taxonomy=product_visibility&#038;term=exclude-from-catalog\" class=\"advgb-post-tax-term\">exclude-from-catalog<\/a>"],"unlinked":["<span class=\"advgb-post-tax-term\">exclude-from-catalog<\/span>"],"slug":"product_visibility","name":"Vizibilitate produs"},"product_cat":{"linked":["<a href=\"https:\/\/xenobg.com\/ro\/produktova-kategoria\/haidut\/\" class=\"advgb-post-tax-term\">haidut<\/a>","<a href=\"https:\/\/xenobg.com\/ro\/produktova-kategoria\/lslabs\/\" class=\"advgb-post-tax-term\">LSLabs-liquid supplements labs<\/a>","<a href=\"https:\/\/xenobg.com\/ro\/produktova-kategoria\/xenobg\/\" class=\"advgb-post-tax-term\">xenobg<\/a>","<a href=\"https:\/\/xenobg.com\/ro\/produktova-kategoria\/%d1%80%d0%b5%d0%b9-%d0%bf%d0%b8%d0%b9%d1%82-%d0%b4%d0%be%d0%b1%d0%b0%d0%b2%d0%ba%d0%b8\/\" class=\"advgb-post-tax-term\">\u0440\u0435\u0439 \u043f\u0438\u0439\u0442 \u0434\u043e\u0431\u0430\u0432\u043a\u0438<\/a>"],"unlinked":["<span class=\"advgb-post-tax-term\">haidut<\/span>","<span class=\"advgb-post-tax-term\">LSLabs-liquid supplements labs<\/span>","<span class=\"advgb-post-tax-term\">xenobg<\/span>","<span class=\"advgb-post-tax-term\">\u0440\u0435\u0439 \u043f\u0438\u0439\u0442 \u0434\u043e\u0431\u0430\u0432\u043a\u0438<\/span>"],"slug":"product_cat","name":"Categorii de produse"},"product_tag":{"linked":["<a href=\"https:\/\/xenobg.com\/ro\/produktov-etiket\/cypro\/\" class=\"advgb-post-tax-term\">cypro<\/a>","<a href=\"https:\/\/xenobg.com\/ro\/produktov-etiket\/cyproheptadine\/\" class=\"advgb-post-tax-term\">cyproheptadine<\/a>","<a href=\"https:\/\/xenobg.com\/ro\/produktov-etiket\/haidut\/\" class=\"advgb-post-tax-term\">Haidut<\/a>","<a href=\"https:\/\/xenobg.com\/ro\/produktov-etiket\/idealabs\/\" class=\"advgb-post-tax-term\">IdeaLabs<\/a>","<a href=\"https:\/\/xenobg.com\/ro\/produktov-etiket\/idealabsdc\/\" class=\"advgb-post-tax-term\">idealabsdc<\/a>","<a href=\"https:\/\/xenobg.com\/ro\/produktov-etiket\/lslabs\/\" class=\"advgb-post-tax-term\">LSLabs<\/a>"],"unlinked":["<span class=\"advgb-post-tax-term\">cypro<\/span>","<span class=\"advgb-post-tax-term\">cyproheptadine<\/span>","<span class=\"advgb-post-tax-term\">Haidut<\/span>","<span class=\"advgb-post-tax-term\">IdeaLabs<\/span>","<span class=\"advgb-post-tax-term\">idealabsdc<\/span>","<span class=\"advgb-post-tax-term\">LSLabs<\/span>"],"slug":"product_tag","name":"Etichete produs"},"product_shipping_class":{"linked":[],"unlinked":[],"slug":"product_shipping_class","name":"Clase de livrare produse"},"pos_product_visibility":{"linked":[],"unlinked":[],"slug":"pos_product_visibility","name":"Vizibilitate produse \u00een POS"},"pa_color":{"linked":[],"unlinked":[],"slug":"pa_color","name":"color produs"},"pa_size":{"linked":[],"unlinked":[],"slug":"pa_size","name":"size produs"},"woo-feed-brand":{"linked":[],"unlinked":[],"slug":"woo-feed-brand","name":"Brand by CTX Feed"}},"series_order":"","jetpack_sharing_enabled":true,"_links":{"self":[{"href":"https:\/\/xenobg.com\/ro\/wp-json\/wp\/v2\/product\/7624","targetHints":{"allow":["GET"]}}],"collection":[{"href":"https:\/\/xenobg.com\/ro\/wp-json\/wp\/v2\/product"}],"about":[{"href":"https:\/\/xenobg.com\/ro\/wp-json\/wp\/v2\/types\/product"}],"replies":[{"embeddable":true,"href":"https:\/\/xenobg.com\/ro\/wp-json\/wp\/v2\/comments?post=7624"}],"wp:attachment":[{"href":"https:\/\/xenobg.com\/ro\/wp-json\/wp\/v2\/media?parent=7624"}],"wp:term":[{"taxonomy":"product_brand","embeddable":true,"href":"https:\/\/xenobg.com\/ro\/wp-json\/wp\/v2\/product_brand?post=7624"},{"taxonomy":"product_cat","embeddable":true,"href":"https:\/\/xenobg.com\/ro\/wp-json\/wp\/v2\/product_cat?post=7624"},{"taxonomy":"product_tag","embeddable":true,"href":"https:\/\/xenobg.com\/ro\/wp-json\/wp\/v2\/product_tag?post=7624"},{"taxonomy":"woo-feed-brand","embeddable":true,"href":"https:\/\/xenobg.com\/ro\/wp-json\/wp\/v2\/woo-feed-brand?post=7624"}],"curies":[{"name":"wp","href":"https:\/\/api.w.org\/{rel}","templated":true}]}}